{"id":160,"date":"2024-07-24T09:56:35","date_gmt":"2024-07-24T09:56:35","guid":{"rendered":"https:\/\/larah.hr\/?page_id=160"},"modified":"2026-02-09T10:40:51","modified_gmt":"2026-02-09T10:40:51","slug":"o-meni","status":"publish","type":"page","link":"https:\/\/larah.hr\/index.php\/o-meni\/","title":{"rendered":"O meni"},"content":{"rendered":"\n<div class=\"wp-block-media-text is-stacked-on-mobile\"><figure class=\"wp-block-media-text__media\"><img loading=\"lazy\" decoding=\"async\" width=\"848\" height=\"1024\" src=\"https:\/\/larah.hr\/wp-content\/uploads\/2024\/11\/20241107_122356-1-848x1024.jpg\" alt=\"\" class=\"wp-image-684 size-full\" srcset=\"https:\/\/larah.hr\/wp-content\/uploads\/2024\/11\/20241107_122356-1-848x1024.jpg 848w, https:\/\/larah.hr\/wp-content\/uploads\/2024\/11\/20241107_122356-1-248x300.jpg 248w, https:\/\/larah.hr\/wp-content\/uploads\/2024\/11\/20241107_122356-1-768x928.jpg 768w, https:\/\/larah.hr\/wp-content\/uploads\/2024\/11\/20241107_122356-1-1272x1536.jpg 1272w, https:\/\/larah.hr\/wp-content\/uploads\/2024\/11\/20241107_122356-1-1696x2048.jpg 1696w\" sizes=\"auto, (max-width: 848px) 100vw, 848px\" \/><\/figure><div class=\"wp-block-media-text__content\">\n<p><em><strong>Lara Hu\u0161njak<\/strong><\/em>, edukantica Integralne tjelesne psihoterapije i Integrativne terapije igrom pod supervizijom, TRE prakti\u010darka i joga u\u010diteljica<\/p>\n<\/div><\/div>\n\n\n\n<p>Ro\u0111ena sam, odrasla i \u0161kolovala sam se Zagrebu. Uvijek su me zanimali me\u0111uljudski odnosi, verbalna i neverbalna komunikacija, socijalne interakcije. \u017deljela sam vidjeti \u0161iru sliku i shvatiti razli\u010dite razine i na\u010dine komunikacije i utjecaja iste na uzajamne odnose. Tako sam upisala i zavr\u0161ila Sociologiju i Komunikologiju na Hrvatskih studijima. Zanimalo me \u0161to se zapravo doga\u0111a u podlozi na\u0161ih uzajamnih odnosa.<\/p>\n\n\n\n<p>Istra\u017euju\u0107i dalje, zavr\u0161ila sam \u010detiri godine programa \u2018Osobni razvoj\u2019 i dvije godine \u2018Terapijskog praktikuma\u2019 u \u0160koli Integralne tjelesne psihoterapije (ITP) u Zagrebu. Time sam stekla status edukantice \u201cIntegralne tjelesne psihoterapije\u201d pod supervizijom.<\/p>\n\n\n\n<p>Takav intenzivan rad na sebi doveo me do boljeg razumijevanja same sebe, svojih osje\u0107aja i reakcija i do bolje povezanosti s vlastitim tijelom. Nau\u010dila sam razne alate i tehnike za upravljanje stresnim situacijama i napetostima, kako lak\u0161e prepoznati i izraziti svoje emocije.<\/p>\n\n\n\n<p>Edukaciju o tjelesnoj psihoterapiji nastavljam na Naprednom terapeutskom treningu. Na jesen 2025. godine upisujem posljednju, \u0161estu godinu Naprednog terapeutskog treninga, \u010dime zavr\u0161avam edukaciju tjelesne psihoterapije.<\/p>\n\n\n\n<p>Zavr\u0161ila sam i Propedeutiku psihoterapije na Veleu\u010dili\u0161tu Edward Bernays gdje sam stekla temeljna znanja i vje\u0161tine iz podru\u010dja psihologije, medicine (psihijatrije), socijalnog rada i rehabilitacijskih znanosti.<\/p>\n\n\n\n<p>Uz to, svoje znanje nadopunjujem i \u0161irim kao edukantica \u201cIntegrativne dje\u010dje psihoterapije igrom\u201d u Centru Proventus. Veseli me rad s djecom i adolescentima &#8211; njihova spontana i slobodna komunikacija i izra\u017eavanje kroz igru.<br>Kroz teoriju transakcijske analize, obogatila sam svoje znanje sa specifi\u010dnim alatima, znanjima i vje\u0161tinama za rad s djecom, adolescentima i njihovim obiteljima.&nbsp;<\/p>\n\n\n\n<p>Upisala sam Somatic Experiencing\u00ae (SE\u00ae) &#8211; znanstveno utemeljen pristup za rad s fizi\u010dkim i psiholo\u0161kim simptomima stresa, \u0161oka i traume. Ciljano poti\u010de i podr\u017eava uro\u0111ene samoreguliraju\u0107e sustave tijela. Omogu\u0107ava da prona\u0111emo stanje mira, tako \u0161to podr\u017eava sustav da postupno dovr\u0161i zadane obrambene reakcije.<\/p>\n\n\n\n<p>Certificirana sam za TRE tehniku koja je jednostavna metoda za osloba\u0111anje potisnute energije iz tijela nastale nekom stresnom situacijom. Tom tehnikom opu\u0161tamo mi\u0161i\u0107nu napetost i optere\u0107eni \u017eiv\u010dani sustav te dovodimo tijelo u stanje smirenosti.<\/p>\n\n\n\n<div class=\"wp-block-media-text is-stacked-on-mobile is-vertically-aligned-center\"><figure class=\"wp-block-media-text__media\"><img loading=\"lazy\" decoding=\"async\" width=\"894\" height=\"874\" src=\"https:\/\/larah.hr\/wp-content\/uploads\/2024\/11\/Screenshot-2024-11-07-at-15.31.20.png\" alt=\"\" class=\"wp-image-686 size-full\" srcset=\"https:\/\/larah.hr\/wp-content\/uploads\/2024\/11\/Screenshot-2024-11-07-at-15.31.20.png 894w, https:\/\/larah.hr\/wp-content\/uploads\/2024\/11\/Screenshot-2024-11-07-at-15.31.20-300x293.png 300w, https:\/\/larah.hr\/wp-content\/uploads\/2024\/11\/Screenshot-2024-11-07-at-15.31.20-768x751.png 768w\" sizes=\"auto, (max-width: 894px) 100vw, 894px\" \/><\/figure><div class=\"wp-block-media-text__content\">\n<p>Istra\u017eivanje pokreta i tijela pro\u0161irila sam i osnovnom joga edukacijom (TT200) i time postala joga u\u010diteljica. <\/p>\n\n\n\n<p>Osim \u0161to je korisno za ja\u010danje mi\u0161i\u0107a, jogu koristim kako bi kroz redovnu praksu postala svjesnija svoga tijela. Tako se vi\u0161e povezujem sa svojim osje\u0107ajima u tijelu i sa dahom. Bolje upoznajem sebe i lak\u0161e prepoznajem svoje potrebe.<\/p>\n<\/div><\/div>\n\n\n\n<blockquote class=\"wp-block-quote is-layout-flow wp-block-quote-is-layout-flow\">\n<p class=\"has-text-align-center\"><em>Sva ste\u010dena znanja i alate koje sam dobila kroz psihoterapijske edukacije i radionice osobnog razvoja, kombiniram i koristim za pru\u017eanje prostora i podr\u0161ke klijentima za njihov osobni razvoj i pobolj\u0161anje kvalitete \u017eivota.<\/em><\/p>\n<\/blockquote>\n\n\n\n<div style=\"height:68px\" aria-hidden=\"true\" class=\"wp-block-spacer\"><\/div>\n\n\n\n<h2 class=\"wp-block-heading\">U slobodno vrijeme\u2026<\/h2>\n\n\n\n<div class=\"wp-block-media-text has-media-on-the-right is-stacked-on-mobile\"><div class=\"wp-block-media-text__content\">\n<p>Ple\u0161em chair dance i salsu, a s vremena na vrijeme se rasple\u0161em uz ples 5 ritmova.<\/p>\n\n\n\n<p>Osim plesa, volim boraviti u prirodi. Obo\u017eavam sunce. Toplina sunca me opu\u0161ta i puni istovremeno. U\u017eivam u gradskim \u0161etnjama parkovima. Vikendima volim boraviti u Sljemenskoj \u0161umi, a moja najve\u0107a ljubav je more pa kad god imam priliku zbri\u0161em do obale.<\/p>\n\n\n\n<p>U\u017eivam u putovanjima i vo\u017enjama autom kroz razli\u010dite krajolike. Uz dobro dru\u0161tvo i muziku mogu se satima voziti u autu i u\u017eivati!<\/p>\n<\/div><figure class=\"wp-block-media-text__media\"><img loading=\"lazy\" decoding=\"async\" width=\"720\" height=\"720\" src=\"https:\/\/larah.hr\/wp-content\/uploads\/2024\/11\/IMG_5516.jpg\" alt=\"\" class=\"wp-image-695 size-full\" srcset=\"https:\/\/larah.hr\/wp-content\/uploads\/2024\/11\/IMG_5516.jpg 720w, https:\/\/larah.hr\/wp-content\/uploads\/2024\/11\/IMG_5516-300x300.jpg 300w, https:\/\/larah.hr\/wp-content\/uploads\/2024\/11\/IMG_5516-150x150.jpg 150w\" sizes=\"auto, (max-width: 720px) 100vw, 720px\" \/><\/figure><\/div>\n\n\n\n<div style=\"height:63px\" aria-hidden=\"true\" class=\"wp-block-spacer\"><\/div>\n\n\n\n<h2 class=\"wp-block-heading\">Edukacije<\/h2>\n\n\n\n<ul class=\"wp-block-list\">\n<li><a href=\"https:\/\/www.bernays.hr\/akademijas\/propedeutika-psihoterapije\">Propedeutika psihoterapije<\/a>, Veleu\u010dili\u0161te Bernays, Zagreb.<br>Temeljna znanja i vje\u0161tine iz podru\u010dja psihologije, medicine (psihijatrije), socijalnog rada i rehabilitacijskih znanosti.<\/li>\n\n\n\n<li><a href=\"https:\/\/ipd-center.eu\/itp\/\">\u0160kola Integralne tjelesne psihoterapije<\/a> (ITP), Zagreb&nbsp;&#8211; Napredni terapeutski trening &#8211; edukacija u tijeku<\/li>\n\n\n\n<li><a href=\"https:\/\/centarproventus.hr\/integrativna-psihoterapija-igrom\/\">Edukantica integrativne terapije igrom pod supervizijom<\/a>. Centar Proventus, Zagreb&nbsp;\u2013 edukacija u tijeku<br>Specifi\u010dna znanja i vje\u0161tine iz terapije igrom kroz teoriju transakcijske analize za primjenu u radu s djecom, adolescentima i njihovim obiteljima.<\/li>\n\n\n\n<li><a href=\"https:\/\/seartin.org\/intro-to-somatic-experiencing-in-croatia-zagreb\/\">Somatic Experiencing\u00ae<\/a> &#8211; edukacija u tijeku (Beginning Level) <br>Znanstveno utemeljen pristup za rad s fizi\u010dkim i psiholo\u0161kim simptomima stresa, \u0161oka i traume.<\/li>\n\n\n\n<li><a href=\"https:\/\/otempora.hr\/edukacije-i-radionice-otempora\/\"><strong>TRE<\/strong>\u00ae (Tension\/Trauma Releasing Exercises)<\/a>, udruga O Tempora, Zagreb<\/li>\n\n\n\n<li><a href=\"https:\/\/studioone.hr\/yoga-skola\/?gclid=CjwKCAiA-vOsBhAAEiwAIWR0TbWOep7WKb1KB9_ItjfxbMk2vA_xQiX4M8PR0ysEJRjfGckxMuGVohoC00EQAvD_BwE\">TT200 program za u\u010ditelje yoge<\/a>, Studio One, Split<\/li>\n\n\n\n<li>univ. mag. Komunikologije i univ. bacc. Sociologije, Hrvatski studiji Sveu\u010dili\u0161te u Zagrebu<\/li>\n<\/ul>\n\n\n\n<p><\/p>\n","protected":false},"excerpt":{"rendered":"<p>Lara Hu\u0161njak, edukantica Integralne tjelesne psihoterapije i Integrativne terapije igrom pod supervizijom, TRE prakti\u010darka i joga u\u010diteljica Ro\u0111ena sam, odrasla i \u0161kolovala sam se Zagrebu. Uvijek su me zanimali me\u0111uljudski odnosi, verbalna i neverbalna komunikacija, socijalne interakcije. \u017deljela sam vidjeti \u0161iru sliku i shvatiti razli\u010dite razine i na\u010dine komunikacije i utjecaja iste na uzajamne odnose. [&hellip;]<\/p>\n","protected":false},"author":1,"featured_media":0,"parent":0,"menu_order":0,"comment_status":"closed","ping_status":"closed","template":"","meta":{"footnotes":""},"class_list":["post-160","page","type-page","status-publish","hentry"],"yoast_head":"<!-- This site is optimized with the Yoast SEO plugin v26.2 - https:\/\/yoast.com\/wordpress\/plugins\/seo\/ -->\n<title>O meni - Larah<\/title>\n<meta name=\"description\" content=\"Edukantica sam integralne tjelesne psihoterapije i integrativne terapije igrom pod supervizijom, TRE prakti\u010darka i joga u\u010diteljica.\" \/>\n<meta name=\"robots\" content=\"index, follow, max-snippet:-1, max-image-preview:large, max-video-preview:-1\" \/>\n<link rel=\"canonical\" href=\"https:\/\/larah.hr\/index.php\/o-meni\/\" \/>\n<meta property=\"og:locale\" content=\"en_US\" \/>\n<meta property=\"og:type\" content=\"article\" \/>\n<meta property=\"og:title\" content=\"O meni - Larah\" \/>\n<meta property=\"og:description\" content=\"Edukantica sam integralne tjelesne psihoterapije i integrativne terapije igrom pod supervizijom, TRE prakti\u010darka i joga u\u010diteljica.\" \/>\n<meta property=\"og:url\" content=\"https:\/\/larah.hr\/index.php\/o-meni\/\" \/>\n<meta property=\"og:site_name\" content=\"Larah\" \/>\n<meta property=\"article:publisher\" content=\"https:\/\/www.facebook.com\/profile.php?id=61555652999610\" \/>\n<meta property=\"article:modified_time\" content=\"2026-02-09T10:40:51+00:00\" \/>\n<meta property=\"og:image\" content=\"https:\/\/larah.hr\/wp-content\/uploads\/2024\/11\/20241107_122356-1-scaled.jpg\" \/>\n\t<meta property=\"og:image:width\" content=\"2120\" \/>\n\t<meta property=\"og:image:height\" content=\"2560\" \/>\n\t<meta property=\"og:image:type\" content=\"image\/jpeg\" \/>\n<meta name=\"twitter:card\" content=\"summary_large_image\" \/>\n<meta name=\"twitter:label1\" content=\"Est. reading time\" \/>\n\t<meta name=\"twitter:data1\" content=\"4 minutes\" \/>\n<script type=\"application\/ld+json\" class=\"yoast-schema-graph\">{\"@context\":\"https:\/\/schema.org\",\"@graph\":[{\"@type\":\"WebPage\",\"@id\":\"https:\/\/larah.hr\/index.php\/o-meni\/\",\"url\":\"https:\/\/larah.hr\/index.php\/o-meni\/\",\"name\":\"O meni - Larah\",\"isPartOf\":{\"@id\":\"https:\/\/larah.hr\/#website\"},\"primaryImageOfPage\":{\"@id\":\"https:\/\/larah.hr\/index.php\/o-meni\/#primaryimage\"},\"image\":{\"@id\":\"https:\/\/larah.hr\/index.php\/o-meni\/#primaryimage\"},\"thumbnailUrl\":\"https:\/\/larah.hr\/wp-content\/uploads\/2024\/11\/20241107_122356-1-848x1024.jpg\",\"datePublished\":\"2024-07-24T09:56:35+00:00\",\"dateModified\":\"2026-02-09T10:40:51+00:00\",\"description\":\"Edukantica sam integralne tjelesne psihoterapije i integrativne terapije igrom pod supervizijom, TRE prakti\u010darka i joga u\u010diteljica.\",\"breadcrumb\":{\"@id\":\"https:\/\/larah.hr\/index.php\/o-meni\/#breadcrumb\"},\"inLanguage\":\"en-US\",\"potentialAction\":[{\"@type\":\"ReadAction\",\"target\":[\"https:\/\/larah.hr\/index.php\/o-meni\/\"]}]},{\"@type\":\"ImageObject\",\"inLanguage\":\"en-US\",\"@id\":\"https:\/\/larah.hr\/index.php\/o-meni\/#primaryimage\",\"url\":\"https:\/\/larah.hr\/wp-content\/uploads\/2024\/11\/20241107_122356-1-scaled.jpg\",\"contentUrl\":\"https:\/\/larah.hr\/wp-content\/uploads\/2024\/11\/20241107_122356-1-scaled.jpg\",\"width\":2120,\"height\":2560},{\"@type\":\"BreadcrumbList\",\"@id\":\"https:\/\/larah.hr\/index.php\/o-meni\/#breadcrumb\",\"itemListElement\":[{\"@type\":\"ListItem\",\"position\":1,\"name\":\"Home\",\"item\":\"https:\/\/larah.hr\/\"},{\"@type\":\"ListItem\",\"position\":2,\"name\":\"O meni\"}]},{\"@type\":\"WebSite\",\"@id\":\"https:\/\/larah.hr\/#website\",\"url\":\"https:\/\/larah.hr\/\",\"name\":\"Larah\",\"description\":\"Grupna i individualna podr\u0161ka za djecu i odrasle.\",\"publisher\":{\"@id\":\"https:\/\/larah.hr\/#organization\"},\"potentialAction\":[{\"@type\":\"SearchAction\",\"target\":{\"@type\":\"EntryPoint\",\"urlTemplate\":\"https:\/\/larah.hr\/?s={search_term_string}\"},\"query-input\":{\"@type\":\"PropertyValueSpecification\",\"valueRequired\":true,\"valueName\":\"search_term_string\"}}],\"inLanguage\":\"en-US\"},{\"@type\":\"Organization\",\"@id\":\"https:\/\/larah.hr\/#organization\",\"name\":\"Larah\",\"url\":\"https:\/\/larah.hr\/\",\"logo\":{\"@type\":\"ImageObject\",\"inLanguage\":\"en-US\",\"@id\":\"https:\/\/larah.hr\/#\/schema\/logo\/image\/\",\"url\":\"https:\/\/larah.hr\/wp-content\/uploads\/2024\/07\/Screenshot-2024-07-30-at-15.35.21.png\",\"contentUrl\":\"https:\/\/larah.hr\/wp-content\/uploads\/2024\/07\/Screenshot-2024-07-30-at-15.35.21.png\",\"width\":420,\"height\":386,\"caption\":\"Larah\"},\"image\":{\"@id\":\"https:\/\/larah.hr\/#\/schema\/logo\/image\/\"},\"sameAs\":[\"https:\/\/www.facebook.com\/profile.php?id=61555652999610\"]}]}<\/script>\n<!-- \/ Yoast SEO plugin. -->","yoast_head_json":{"title":"O meni - Larah","description":"Edukantica sam integralne tjelesne psihoterapije i integrativne terapije igrom pod supervizijom, TRE prakti\u010darka i joga u\u010diteljica.","robots":{"index":"index","follow":"follow","max-snippet":"max-snippet:-1","max-image-preview":"max-image-preview:large","max-video-preview":"max-video-preview:-1"},"canonical":"https:\/\/larah.hr\/index.php\/o-meni\/","og_locale":"en_US","og_type":"article","og_title":"O meni - Larah","og_description":"Edukantica sam integralne tjelesne psihoterapije i integrativne terapije igrom pod supervizijom, TRE prakti\u010darka i joga u\u010diteljica.","og_url":"https:\/\/larah.hr\/index.php\/o-meni\/","og_site_name":"Larah","article_publisher":"https:\/\/www.facebook.com\/profile.php?id=61555652999610","article_modified_time":"2026-02-09T10:40:51+00:00","og_image":[{"width":2120,"height":2560,"url":"https:\/\/larah.hr\/wp-content\/uploads\/2024\/11\/20241107_122356-1-scaled.jpg","type":"image\/jpeg"}],"twitter_card":"summary_large_image","twitter_misc":{"Est. reading time":"4 minutes"},"schema":{"@context":"https:\/\/schema.org","@graph":[{"@type":"WebPage","@id":"https:\/\/larah.hr\/index.php\/o-meni\/","url":"https:\/\/larah.hr\/index.php\/o-meni\/","name":"O meni - Larah","isPartOf":{"@id":"https:\/\/larah.hr\/#website"},"primaryImageOfPage":{"@id":"https:\/\/larah.hr\/index.php\/o-meni\/#primaryimage"},"image":{"@id":"https:\/\/larah.hr\/index.php\/o-meni\/#primaryimage"},"thumbnailUrl":"https:\/\/larah.hr\/wp-content\/uploads\/2024\/11\/20241107_122356-1-848x1024.jpg","datePublished":"2024-07-24T09:56:35+00:00","dateModified":"2026-02-09T10:40:51+00:00","description":"Edukantica sam integralne tjelesne psihoterapije i integrativne terapije igrom pod supervizijom, TRE prakti\u010darka i joga u\u010diteljica.","breadcrumb":{"@id":"https:\/\/larah.hr\/index.php\/o-meni\/#breadcrumb"},"inLanguage":"en-US","potentialAction":[{"@type":"ReadAction","target":["https:\/\/larah.hr\/index.php\/o-meni\/"]}]},{"@type":"ImageObject","inLanguage":"en-US","@id":"https:\/\/larah.hr\/index.php\/o-meni\/#primaryimage","url":"https:\/\/larah.hr\/wp-content\/uploads\/2024\/11\/20241107_122356-1-scaled.jpg","contentUrl":"https:\/\/larah.hr\/wp-content\/uploads\/2024\/11\/20241107_122356-1-scaled.jpg","width":2120,"height":2560},{"@type":"BreadcrumbList","@id":"https:\/\/larah.hr\/index.php\/o-meni\/#breadcrumb","itemListElement":[{"@type":"ListItem","position":1,"name":"Home","item":"https:\/\/larah.hr\/"},{"@type":"ListItem","position":2,"name":"O meni"}]},{"@type":"WebSite","@id":"https:\/\/larah.hr\/#website","url":"https:\/\/larah.hr\/","name":"Larah","description":"Grupna i individualna podr\u0161ka za djecu i odrasle.","publisher":{"@id":"https:\/\/larah.hr\/#organization"},"potentialAction":[{"@type":"SearchAction","target":{"@type":"EntryPoint","urlTemplate":"https:\/\/larah.hr\/?s={search_term_string}"},"query-input":{"@type":"PropertyValueSpecification","valueRequired":true,"valueName":"search_term_string"}}],"inLanguage":"en-US"},{"@type":"Organization","@id":"https:\/\/larah.hr\/#organization","name":"Larah","url":"https:\/\/larah.hr\/","logo":{"@type":"ImageObject","inLanguage":"en-US","@id":"https:\/\/larah.hr\/#\/schema\/logo\/image\/","url":"https:\/\/larah.hr\/wp-content\/uploads\/2024\/07\/Screenshot-2024-07-30-at-15.35.21.png","contentUrl":"https:\/\/larah.hr\/wp-content\/uploads\/2024\/07\/Screenshot-2024-07-30-at-15.35.21.png","width":420,"height":386,"caption":"Larah"},"image":{"@id":"https:\/\/larah.hr\/#\/schema\/logo\/image\/"},"sameAs":["https:\/\/www.facebook.com\/profile.php?id=61555652999610"]}]}},"_links":{"self":[{"href":"https:\/\/larah.hr\/index.php\/wp-json\/wp\/v2\/pages\/160","targetHints":{"allow":["GET"]}}],"collection":[{"href":"https:\/\/larah.hr\/index.php\/wp-json\/wp\/v2\/pages"}],"about":[{"href":"https:\/\/larah.hr\/index.php\/wp-json\/wp\/v2\/types\/page"}],"author":[{"embeddable":true,"href":"https:\/\/larah.hr\/index.php\/wp-json\/wp\/v2\/users\/1"}],"replies":[{"embeddable":true,"href":"https:\/\/larah.hr\/index.php\/wp-json\/wp\/v2\/comments?post=160"}],"version-history":[{"count":31,"href":"https:\/\/larah.hr\/index.php\/wp-json\/wp\/v2\/pages\/160\/revisions"}],"predecessor-version":[{"id":961,"href":"https:\/\/larah.hr\/index.php\/wp-json\/wp\/v2\/pages\/160\/revisions\/961"}],"wp:attachment":[{"href":"https:\/\/larah.hr\/index.php\/wp-json\/wp\/v2\/media?parent=160"}],"curies":[{"name":"wp","href":"https:\/\/api.w.org\/{rel}","templated":true}]}}