{"id":285,"date":"2024-07-30T18:00:22","date_gmt":"2024-07-30T18:00:22","guid":{"rendered":"https:\/\/larah.hr\/?page_id=285"},"modified":"2025-01-24T08:04:05","modified_gmt":"2025-01-24T08:04:05","slug":"individualna-podrska-i-savjetovanje","status":"publish","type":"page","link":"https:\/\/larah.hr\/index.php\/individualna-podrska-i-savjetovanje\/","title":{"rendered":"Individualna terapija"},"content":{"rendered":"\n<p class=\"has-text-align-left\">Veseli me biti podr\u0161ka klijentima. Lijepo je promatrati kako kroz terapijski odnos rastu i izgra\u0111uju svoju osobnost! Time pozitivno utje\u010du i na svoju okolinu!<\/p>\n\n\n\n<p>Kvalitetna komunikacija i me\u0111usobni odnosi va\u017eni su za cjeloviti osobni rast i razvoj. Na na\u0161im susretima istra\u017eivat \u0107emo uvjerenja i mi\u0161ljenja, slobodno izra\u017eavati svoje osje\u0107aje i potrebe, analizirati reakcije i tako bolje razumjeti i upoznati sebe!<\/p>\n\n\n\n<div class=\"wp-block-group alignfull has-base-background-color has-background has-global-padding is-layout-constrained wp-container-core-group-is-layout-669513ed wp-block-group-is-layout-constrained\" style=\"margin-top:0;margin-bottom:0;padding-top:var(--wp--preset--spacing--50);padding-right:var(--wp--preset--spacing--50);padding-bottom:var(--wp--preset--spacing--50);padding-left:var(--wp--preset--spacing--50)\">\n<div class=\"wp-block-media-text is-stacked-on-mobile\"><figure class=\"wp-block-media-text__media\"><img loading=\"lazy\" decoding=\"async\" width=\"1024\" height=\"777\" src=\"https:\/\/larah.hr\/wp-content\/uploads\/2024\/10\/poc\u030ceta-1024x777.jpg\" alt=\"\" class=\"wp-image-411 size-full\" srcset=\"https:\/\/larah.hr\/wp-content\/uploads\/2024\/10\/poc\u030ceta-1024x777.jpg 1024w, https:\/\/larah.hr\/wp-content\/uploads\/2024\/10\/poc\u030ceta-300x228.jpg 300w, https:\/\/larah.hr\/wp-content\/uploads\/2024\/10\/poc\u030ceta-768x583.jpg 768w, https:\/\/larah.hr\/wp-content\/uploads\/2024\/10\/poc\u030ceta.jpg 1416w\" sizes=\"auto, (max-width: 1024px) 100vw, 1024px\" \/><\/figure><div class=\"wp-block-media-text__content\">\n<p><em>Istra\u017eite i izrazite svoje osje\u0107aje, pona\u0161anja i iskustva u opu\u0161tenom i podr\u017eavaju\u0107em okru\u017eenju.<\/em><\/p>\n<\/div><\/div>\n\n\n\n<div class=\"wp-block-media-text has-media-on-the-right is-stacked-on-mobile\"><div class=\"wp-block-media-text__content\">\n<p><em>Prona\u0111ite svoje boje! Sjajite u svom tonu, izra\u017eavaju\u0107i svoju individualnost. <\/em><\/p>\n<\/div><figure class=\"wp-block-media-text__media\"><img loading=\"lazy\" decoding=\"async\" width=\"1024\" height=\"602\" src=\"https:\/\/larah.hr\/wp-content\/uploads\/2024\/10\/monika-ruke-karte-1024x602.jpg\" alt=\"\" class=\"wp-image-520 size-full\" srcset=\"https:\/\/larah.hr\/wp-content\/uploads\/2024\/10\/monika-ruke-karte-1024x602.jpg 1024w, https:\/\/larah.hr\/wp-content\/uploads\/2024\/10\/monika-ruke-karte-300x177.jpg 300w, https:\/\/larah.hr\/wp-content\/uploads\/2024\/10\/monika-ruke-karte-768x452.jpg 768w, https:\/\/larah.hr\/wp-content\/uploads\/2024\/10\/monika-ruke-karte-1536x904.jpg 1536w, https:\/\/larah.hr\/wp-content\/uploads\/2024\/10\/monika-ruke-karte-2048x1205.jpg 2048w\" sizes=\"auto, (max-width: 1024px) 100vw, 1024px\" \/><\/figure><\/div>\n\n\n\n<div class=\"wp-block-media-text is-stacked-on-mobile\"><figure class=\"wp-block-media-text__media\"><img loading=\"lazy\" decoding=\"async\" width=\"1024\" height=\"768\" src=\"https:\/\/larah.hr\/wp-content\/uploads\/2024\/10\/srce-1024x768.jpg\" alt=\"\" class=\"wp-image-415 size-full\" srcset=\"https:\/\/larah.hr\/wp-content\/uploads\/2024\/10\/srce-1024x768.jpg 1024w, https:\/\/larah.hr\/wp-content\/uploads\/2024\/10\/srce-300x225.jpg 300w, https:\/\/larah.hr\/wp-content\/uploads\/2024\/10\/srce-768x576.jpg 768w, https:\/\/larah.hr\/wp-content\/uploads\/2024\/10\/srce-1536x1152.jpg 1536w, https:\/\/larah.hr\/wp-content\/uploads\/2024\/10\/srce-2048x1536.jpg 2048w\" sizes=\"auto, (max-width: 1024px) 100vw, 1024px\" \/><\/figure><div class=\"wp-block-media-text__content\">\n<p><em>Usmjeravanje pa\u017enje na sebe i ono \u0161to nam je va\u017eno, uz podr\u0161ku druge osobe, u povjerljivom odnosu, donosi osje\u0107aj olak\u0161anja i dublje razumijevanje samih sebe.<\/em><\/p>\n<\/div><\/div>\n\n\n\n<div class=\"wp-block-media-text has-media-on-the-right is-stacked-on-mobile\"><div class=\"wp-block-media-text__content\">\n<p><em>Istra\u017eujemo va\u0161e emocija i iskustava kako bismo zajedno otkrili alate i korake koji vam mogu pomo\u0107i da se osje\u0107ate bolje.<\/em><\/p>\n<\/div><figure class=\"wp-block-media-text__media\"><img loading=\"lazy\" decoding=\"async\" width=\"1024\" height=\"660\" src=\"https:\/\/larah.hr\/wp-content\/uploads\/2024\/10\/m-i-l-1024x660.jpg\" alt=\"\" class=\"wp-image-509 size-full\" srcset=\"https:\/\/larah.hr\/wp-content\/uploads\/2024\/10\/m-i-l-1024x660.jpg 1024w, https:\/\/larah.hr\/wp-content\/uploads\/2024\/10\/m-i-l-300x193.jpg 300w, https:\/\/larah.hr\/wp-content\/uploads\/2024\/10\/m-i-l-768x495.jpg 768w, https:\/\/larah.hr\/wp-content\/uploads\/2024\/10\/m-i-l-1536x990.jpg 1536w, https:\/\/larah.hr\/wp-content\/uploads\/2024\/10\/m-i-l.jpg 1993w\" sizes=\"auto, (max-width: 1024px) 100vw, 1024px\" \/><\/figure><\/div>\n<\/div>\n\n\n\n<h3 class=\"wp-block-heading has-text-align-center\">Mogu\u0107i benefiti ovakve terapija:<\/h3>\n\n\n\n<div class=\"wp-block-cover is-light\"><span aria-hidden=\"true\" class=\"wp-block-cover__background has-background-dim\" style=\"background-color:#d5b8a2\"><\/span><img loading=\"lazy\" decoding=\"async\" width=\"1822\" height=\"2560\" class=\"wp-block-cover__image-background wp-image-292\" alt=\"\" src=\"https:\/\/larah.hr\/wp-content\/uploads\/2024\/07\/pexels-jacub-gomez-447561-1168744-1-scaled.jpg\" data-object-fit=\"cover\" srcset=\"https:\/\/larah.hr\/wp-content\/uploads\/2024\/07\/pexels-jacub-gomez-447561-1168744-1-scaled.jpg 1822w, https:\/\/larah.hr\/wp-content\/uploads\/2024\/07\/pexels-jacub-gomez-447561-1168744-1-214x300.jpg 214w, https:\/\/larah.hr\/wp-content\/uploads\/2024\/07\/pexels-jacub-gomez-447561-1168744-1-729x1024.jpg 729w, https:\/\/larah.hr\/wp-content\/uploads\/2024\/07\/pexels-jacub-gomez-447561-1168744-1-768x1079.jpg 768w, https:\/\/larah.hr\/wp-content\/uploads\/2024\/07\/pexels-jacub-gomez-447561-1168744-1-1093x1536.jpg 1093w, https:\/\/larah.hr\/wp-content\/uploads\/2024\/07\/pexels-jacub-gomez-447561-1168744-1-1458x2048.jpg 1458w\" sizes=\"auto, (max-width: 1822px) 100vw, 1822px\" \/><div class=\"wp-block-cover__inner-container has-global-padding is-layout-constrained wp-block-cover-is-layout-constrained\">\n<ul class=\"wp-block-list\">\n<li><strong>Smanjenje stresa i anksioznosti<\/strong> &#8211; u\u010dimo prepoznati i otpustiti tjelesnu napetost koja je \u010desto povezana sa stresom i anksiozno\u0161\u0107u. Tehnike disanja, svjesnost tijela i relaksacija mogu biti dio terapije.<\/li>\n\n\n\n<li><strong>Pove\u0107anje svjesnost tijela<\/strong> &#8211; kroz rad na tijelu, razvija se ve\u0107a svjesnost o svojim tjelesnim senzacijama, \u0161to mo\u017ee pomo\u0107i osobi u razumijevanju emocionalnih stanja.<\/li>\n\n\n\n<li><strong>Pobolj\u0161anje emocionalne regulacije<\/strong> &#8211; razvijanje alata za regulaciju emocija, kao \u0161to su prepoznavanje ranih znakova uznemirenosti i primjena tehnika za smirenje.<\/li>\n\n\n\n<li><strong>Osloba\u0111anje potisnutih emocija<\/strong> &#8211; pomo\u0107i u otkrivanju i izra\u017eavanju potisnutih emocija koje su \u201cpohranjene\u201d u tijelu donosi duboko emocionalno osloba\u0111anje.<\/li>\n\n\n\n<li><strong>Pove\u0107anje energije i vitalnosti<\/strong> &#8211; mo\u017ee pomo\u0107i u osloba\u0111anju blokirane energije, \u0161to rezultira osje\u0107ajem pove\u0107ane vitalnosti.<\/li>\n\n\n\n<li><strong>Unapre\u0111enje tjelesne slike i samopouzdanja<\/strong> &#8211; bolji odnos sa svojim tijelom, koji mo\u017ee dovesti do pobolj\u0161ane tjelesne slike i pove\u0107anog samopouzdanja.<\/li>\n\n\n\n<li><strong>Integracija traume<\/strong> &#8211; omogu\u0107ava sigurno istra\u017eivanje tjelesnih i emocionalnih reakcija na traumatske doga\u0111aje i njihovu integraciju.<\/li>\n\n\n\n<li><strong>Pobolj\u0161anje me\u0111uljudskih odnosa<\/strong> &#8211; mo\u017ee pobolj\u0161ati komunikacijske vje\u0161tine i odnos prema drugima.<\/li>\n\n\n\n<li><strong>Osna\u017eivanje i autonomija<\/strong> &#8211; prepoznavanje vlastite tjelesne i emocionalne potrebe i granice dovodi nas u kontakt s vlastitom snagom i autonomijom.<\/li>\n<\/ul>\n<\/div><\/div>\n\n\n\n<div class=\"wp-block-buttons is-content-justification-center is-layout-flex wp-container-core-buttons-is-layout-a89b3969 wp-block-buttons-is-layout-flex\">\n<div class=\"wp-block-button\"><a class=\"wp-block-button__link has-text-align-center wp-element-button\" href=\"https:\/\/larah.hr\/index.php\/dogovrite-termin\/\">Dogovorite termin<\/a><\/div>\n<\/div>\n","protected":false},"excerpt":{"rendered":"<p>Veseli me biti podr\u0161ka klijentima. Lijepo je promatrati kako kroz terapijski odnos rastu i izgra\u0111uju svoju osobnost! Time pozitivno utje\u010du i na svoju okolinu! Kvalitetna komunikacija i me\u0111usobni odnosi va\u017eni su za cjeloviti osobni rast i razvoj. Na na\u0161im susretima istra\u017eivat \u0107emo uvjerenja i mi\u0161ljenja, slobodno izra\u017eavati svoje osje\u0107aje i potrebe, analizirati reakcije i tako [&hellip;]<\/p>\n","protected":false},"author":1,"featured_media":0,"parent":0,"menu_order":0,"comment_status":"closed","ping_status":"closed","template":"","meta":{"footnotes":""},"class_list":["post-285","page","type-page","status-publish","hentry"],"yoast_head":"<!-- This site is optimized with the Yoast SEO plugin v26.2 - https:\/\/yoast.com\/wordpress\/plugins\/seo\/ -->\n<title>Individualna terapija - Larah<\/title>\n<meta name=\"description\" content=\"Na na\u0161im susretima istra\u017eivat \u0107emo uvjerenja i mi\u0161ljenja, slobodno izra\u017eavati svoje osje\u0107aje i potrebe, analizirati reakcije i tako bolje razumjeti i upoznati sebe!\" \/>\n<meta name=\"robots\" content=\"index, follow, max-snippet:-1, max-image-preview:large, max-video-preview:-1\" \/>\n<link rel=\"canonical\" href=\"https:\/\/larah.hr\/index.php\/individualna-podrska-i-savjetovanje\/\" \/>\n<meta property=\"og:locale\" content=\"en_US\" \/>\n<meta property=\"og:type\" content=\"article\" \/>\n<meta property=\"og:title\" content=\"Individualna terapija - Larah\" \/>\n<meta property=\"og:description\" content=\"Na na\u0161im susretima istra\u017eivat \u0107emo uvjerenja i mi\u0161ljenja, slobodno izra\u017eavati svoje osje\u0107aje i potrebe, analizirati reakcije i tako bolje razumjeti i upoznati sebe!\" \/>\n<meta property=\"og:url\" content=\"https:\/\/larah.hr\/index.php\/individualna-podrska-i-savjetovanje\/\" \/>\n<meta property=\"og:site_name\" content=\"Larah\" \/>\n<meta property=\"article:publisher\" content=\"https:\/\/www.facebook.com\/profile.php?id=61555652999610\" \/>\n<meta property=\"article:modified_time\" content=\"2025-01-24T08:04:05+00:00\" \/>\n<meta property=\"og:image\" content=\"https:\/\/larah.hr\/wp-content\/uploads\/2024\/10\/monika-ruke-karte-1024x602.jpg\" \/>\n<meta name=\"twitter:card\" content=\"summary_large_image\" \/>\n<meta name=\"twitter:label1\" content=\"Est. reading time\" \/>\n\t<meta name=\"twitter:data1\" content=\"3 minutes\" \/>\n<script type=\"application\/ld+json\" class=\"yoast-schema-graph\">{\"@context\":\"https:\/\/schema.org\",\"@graph\":[{\"@type\":\"WebPage\",\"@id\":\"https:\/\/larah.hr\/index.php\/individualna-podrska-i-savjetovanje\/\",\"url\":\"https:\/\/larah.hr\/index.php\/individualna-podrska-i-savjetovanje\/\",\"name\":\"Individualna terapija - Larah\",\"isPartOf\":{\"@id\":\"https:\/\/larah.hr\/#website\"},\"primaryImageOfPage\":{\"@id\":\"https:\/\/larah.hr\/index.php\/individualna-podrska-i-savjetovanje\/#primaryimage\"},\"image\":{\"@id\":\"https:\/\/larah.hr\/index.php\/individualna-podrska-i-savjetovanje\/#primaryimage\"},\"thumbnailUrl\":\"https:\/\/larah.hr\/wp-content\/uploads\/2024\/10\/monika-ruke-karte-1024x602.jpg\",\"datePublished\":\"2024-07-30T18:00:22+00:00\",\"dateModified\":\"2025-01-24T08:04:05+00:00\",\"description\":\"Na na\u0161im susretima istra\u017eivat \u0107emo uvjerenja i mi\u0161ljenja, slobodno izra\u017eavati svoje osje\u0107aje i potrebe, analizirati reakcije i tako bolje razumjeti i upoznati sebe!\",\"breadcrumb\":{\"@id\":\"https:\/\/larah.hr\/index.php\/individualna-podrska-i-savjetovanje\/#breadcrumb\"},\"inLanguage\":\"en-US\",\"potentialAction\":[{\"@type\":\"ReadAction\",\"target\":[\"https:\/\/larah.hr\/index.php\/individualna-podrska-i-savjetovanje\/\"]}]},{\"@type\":\"ImageObject\",\"inLanguage\":\"en-US\",\"@id\":\"https:\/\/larah.hr\/index.php\/individualna-podrska-i-savjetovanje\/#primaryimage\",\"url\":\"https:\/\/larah.hr\/wp-content\/uploads\/2024\/10\/monika-ruke-karte.jpg\",\"contentUrl\":\"https:\/\/larah.hr\/wp-content\/uploads\/2024\/10\/monika-ruke-karte.jpg\",\"width\":2167,\"height\":1275,\"caption\":\"Screenshot\"},{\"@type\":\"BreadcrumbList\",\"@id\":\"https:\/\/larah.hr\/index.php\/individualna-podrska-i-savjetovanje\/#breadcrumb\",\"itemListElement\":[{\"@type\":\"ListItem\",\"position\":1,\"name\":\"Home\",\"item\":\"https:\/\/larah.hr\/\"},{\"@type\":\"ListItem\",\"position\":2,\"name\":\"Individualna terapija\"}]},{\"@type\":\"WebSite\",\"@id\":\"https:\/\/larah.hr\/#website\",\"url\":\"https:\/\/larah.hr\/\",\"name\":\"Larah\",\"description\":\"Grupna i individualna podr\u0161ka za djecu i odrasle.\",\"publisher\":{\"@id\":\"https:\/\/larah.hr\/#organization\"},\"potentialAction\":[{\"@type\":\"SearchAction\",\"target\":{\"@type\":\"EntryPoint\",\"urlTemplate\":\"https:\/\/larah.hr\/?s={search_term_string}\"},\"query-input\":{\"@type\":\"PropertyValueSpecification\",\"valueRequired\":true,\"valueName\":\"search_term_string\"}}],\"inLanguage\":\"en-US\"},{\"@type\":\"Organization\",\"@id\":\"https:\/\/larah.hr\/#organization\",\"name\":\"Larah\",\"url\":\"https:\/\/larah.hr\/\",\"logo\":{\"@type\":\"ImageObject\",\"inLanguage\":\"en-US\",\"@id\":\"https:\/\/larah.hr\/#\/schema\/logo\/image\/\",\"url\":\"https:\/\/larah.hr\/wp-content\/uploads\/2024\/07\/Screenshot-2024-07-30-at-15.35.21.png\",\"contentUrl\":\"https:\/\/larah.hr\/wp-content\/uploads\/2024\/07\/Screenshot-2024-07-30-at-15.35.21.png\",\"width\":420,\"height\":386,\"caption\":\"Larah\"},\"image\":{\"@id\":\"https:\/\/larah.hr\/#\/schema\/logo\/image\/\"},\"sameAs\":[\"https:\/\/www.facebook.com\/profile.php?id=61555652999610\"]}]}<\/script>\n<!-- \/ Yoast SEO plugin. -->","yoast_head_json":{"title":"Individualna terapija - Larah","description":"Na na\u0161im susretima istra\u017eivat \u0107emo uvjerenja i mi\u0161ljenja, slobodno izra\u017eavati svoje osje\u0107aje i potrebe, analizirati reakcije i tako bolje razumjeti i upoznati sebe!","robots":{"index":"index","follow":"follow","max-snippet":"max-snippet:-1","max-image-preview":"max-image-preview:large","max-video-preview":"max-video-preview:-1"},"canonical":"https:\/\/larah.hr\/index.php\/individualna-podrska-i-savjetovanje\/","og_locale":"en_US","og_type":"article","og_title":"Individualna terapija - Larah","og_description":"Na na\u0161im susretima istra\u017eivat \u0107emo uvjerenja i mi\u0161ljenja, slobodno izra\u017eavati svoje osje\u0107aje i potrebe, analizirati reakcije i tako bolje razumjeti i upoznati sebe!","og_url":"https:\/\/larah.hr\/index.php\/individualna-podrska-i-savjetovanje\/","og_site_name":"Larah","article_publisher":"https:\/\/www.facebook.com\/profile.php?id=61555652999610","article_modified_time":"2025-01-24T08:04:05+00:00","og_image":[{"url":"https:\/\/larah.hr\/wp-content\/uploads\/2024\/10\/monika-ruke-karte-1024x602.jpg","type":"","width":"","height":""}],"twitter_card":"summary_large_image","twitter_misc":{"Est. reading time":"3 minutes"},"schema":{"@context":"https:\/\/schema.org","@graph":[{"@type":"WebPage","@id":"https:\/\/larah.hr\/index.php\/individualna-podrska-i-savjetovanje\/","url":"https:\/\/larah.hr\/index.php\/individualna-podrska-i-savjetovanje\/","name":"Individualna terapija - Larah","isPartOf":{"@id":"https:\/\/larah.hr\/#website"},"primaryImageOfPage":{"@id":"https:\/\/larah.hr\/index.php\/individualna-podrska-i-savjetovanje\/#primaryimage"},"image":{"@id":"https:\/\/larah.hr\/index.php\/individualna-podrska-i-savjetovanje\/#primaryimage"},"thumbnailUrl":"https:\/\/larah.hr\/wp-content\/uploads\/2024\/10\/monika-ruke-karte-1024x602.jpg","datePublished":"2024-07-30T18:00:22+00:00","dateModified":"2025-01-24T08:04:05+00:00","description":"Na na\u0161im susretima istra\u017eivat \u0107emo uvjerenja i mi\u0161ljenja, slobodno izra\u017eavati svoje osje\u0107aje i potrebe, analizirati reakcije i tako bolje razumjeti i upoznati sebe!","breadcrumb":{"@id":"https:\/\/larah.hr\/index.php\/individualna-podrska-i-savjetovanje\/#breadcrumb"},"inLanguage":"en-US","potentialAction":[{"@type":"ReadAction","target":["https:\/\/larah.hr\/index.php\/individualna-podrska-i-savjetovanje\/"]}]},{"@type":"ImageObject","inLanguage":"en-US","@id":"https:\/\/larah.hr\/index.php\/individualna-podrska-i-savjetovanje\/#primaryimage","url":"https:\/\/larah.hr\/wp-content\/uploads\/2024\/10\/monika-ruke-karte.jpg","contentUrl":"https:\/\/larah.hr\/wp-content\/uploads\/2024\/10\/monika-ruke-karte.jpg","width":2167,"height":1275,"caption":"Screenshot"},{"@type":"BreadcrumbList","@id":"https:\/\/larah.hr\/index.php\/individualna-podrska-i-savjetovanje\/#breadcrumb","itemListElement":[{"@type":"ListItem","position":1,"name":"Home","item":"https:\/\/larah.hr\/"},{"@type":"ListItem","position":2,"name":"Individualna terapija"}]},{"@type":"WebSite","@id":"https:\/\/larah.hr\/#website","url":"https:\/\/larah.hr\/","name":"Larah","description":"Grupna i individualna podr\u0161ka za djecu i odrasle.","publisher":{"@id":"https:\/\/larah.hr\/#organization"},"potentialAction":[{"@type":"SearchAction","target":{"@type":"EntryPoint","urlTemplate":"https:\/\/larah.hr\/?s={search_term_string}"},"query-input":{"@type":"PropertyValueSpecification","valueRequired":true,"valueName":"search_term_string"}}],"inLanguage":"en-US"},{"@type":"Organization","@id":"https:\/\/larah.hr\/#organization","name":"Larah","url":"https:\/\/larah.hr\/","logo":{"@type":"ImageObject","inLanguage":"en-US","@id":"https:\/\/larah.hr\/#\/schema\/logo\/image\/","url":"https:\/\/larah.hr\/wp-content\/uploads\/2024\/07\/Screenshot-2024-07-30-at-15.35.21.png","contentUrl":"https:\/\/larah.hr\/wp-content\/uploads\/2024\/07\/Screenshot-2024-07-30-at-15.35.21.png","width":420,"height":386,"caption":"Larah"},"image":{"@id":"https:\/\/larah.hr\/#\/schema\/logo\/image\/"},"sameAs":["https:\/\/www.facebook.com\/profile.php?id=61555652999610"]}]}},"_links":{"self":[{"href":"https:\/\/larah.hr\/index.php\/wp-json\/wp\/v2\/pages\/285","targetHints":{"allow":["GET"]}}],"collection":[{"href":"https:\/\/larah.hr\/index.php\/wp-json\/wp\/v2\/pages"}],"about":[{"href":"https:\/\/larah.hr\/index.php\/wp-json\/wp\/v2\/types\/page"}],"author":[{"embeddable":true,"href":"https:\/\/larah.hr\/index.php\/wp-json\/wp\/v2\/users\/1"}],"replies":[{"embeddable":true,"href":"https:\/\/larah.hr\/index.php\/wp-json\/wp\/v2\/comments?post=285"}],"version-history":[{"count":12,"href":"https:\/\/larah.hr\/index.php\/wp-json\/wp\/v2\/pages\/285\/revisions"}],"predecessor-version":[{"id":840,"href":"https:\/\/larah.hr\/index.php\/wp-json\/wp\/v2\/pages\/285\/revisions\/840"}],"wp:attachment":[{"href":"https:\/\/larah.hr\/index.php\/wp-json\/wp\/v2\/media?parent=285"}],"curies":[{"name":"wp","href":"https:\/\/api.w.org\/{rel}","templated":true}]}}