{"id":296,"date":"2024-07-30T18:36:59","date_gmt":"2024-07-30T18:36:59","guid":{"rendered":"https:\/\/larah.hr\/?page_id=296"},"modified":"2024-07-30T18:49:16","modified_gmt":"2024-07-30T18:49:16","slug":"jutarnja-online-joga","status":"publish","type":"page","link":"https:\/\/larah.hr\/index.php\/jutarnja-online-joga\/","title":{"rendered":"Jutarnja online joga"},"content":{"rendered":"\n<div style=\"height:44px\" aria-hidden=\"true\" class=\"wp-block-spacer\"><\/div>\n\n\n\n<div class=\"wp-block-group alignwide has-global-padding is-layout-constrained wp-block-group-is-layout-constrained\">\n<h1 class=\"wp-block-heading alignwide has-xx-large-font-size\" style=\"line-height:1.2\">Znate li da \u0107e \u010dak 30 minuta jutarnjeg vje\u017ebanja imati pozitivan u\u010dinak na va\u0161 osje\u0107aj tijekom dana?<\/h1>\n<\/div>\n\n\n\n<figure class=\"wp-block-pullquote\"><blockquote><p>Nema vi\u0161e odga\u0111anja!<\/p><\/blockquote><\/figure>\n\n\n\n<div class=\"wp-block-media-text is-stacked-on-mobile\"><figure class=\"wp-block-media-text__media\"><img loading=\"lazy\" decoding=\"async\" width=\"1024\" height=\"683\" src=\"https:\/\/larah.hr\/wp-content\/uploads\/2024\/07\/pexels-shvetsa-6593718-1024x683.jpg\" alt=\"\" class=\"wp-image-314 size-full\" srcset=\"https:\/\/larah.hr\/wp-content\/uploads\/2024\/07\/pexels-shvetsa-6593718-1024x683.jpg 1024w, https:\/\/larah.hr\/wp-content\/uploads\/2024\/07\/pexels-shvetsa-6593718-300x200.jpg 300w, https:\/\/larah.hr\/wp-content\/uploads\/2024\/07\/pexels-shvetsa-6593718-768x512.jpg 768w, https:\/\/larah.hr\/wp-content\/uploads\/2024\/07\/pexels-shvetsa-6593718-1536x1024.jpg 1536w, https:\/\/larah.hr\/wp-content\/uploads\/2024\/07\/pexels-shvetsa-6593718-2048x1365.jpg 2048w\" sizes=\"auto, (max-width: 1024px) 100vw, 1024px\" \/><\/figure><div class=\"wp-block-media-text__content\">\n<p>Dokotrljajte se iz kreveta na prostirku i zapo\u010dnite dan s jogom. Pridru\u017eite nam se na Zoomu od 8 do 8:45. Na kraju svakog sata ple\u0161emo kako bismo bili sigurni da je cijelo tijelo budno i spremno za dan!<\/p>\n\n\n\n<p>Osim toga, mo\u017eete vje\u017ebati u pid\u017eami, a nakon laganog jutarnjeg istezanja, tijelo \u0107e vam sigurno biti zahvalno.<\/p>\n<\/div><\/div>\n\n\n\n<figure class=\"wp-block-pullquote\"><blockquote><p>Priu\u0161tite si bolji po\u010detak dana i vidimo se na Zoomu!<\/p><\/blockquote><\/figure>\n\n\n\n<p class=\"has-text-align-center\">Termini od 1.9.2024. \u2013 ponedjeljak\/srijeda\/petak od 8h \u2013 8:45h.<\/p>\n\n\n\n<p class=\"has-text-align-center\">Prijave putem maila \u2013 info@larah.hr<\/p>\n\n\n\n<div class=\"wp-block-group alignfull has-global-padding is-layout-constrained wp-container-core-group-is-layout-b25ccd55 wp-block-group-is-layout-constrained\" style=\"margin-top:0;margin-bottom:0;padding-top:var(--wp--preset--spacing--50);padding-right:var(--wp--preset--spacing--50);padding-bottom:var(--wp--preset--spacing--50);padding-left:var(--wp--preset--spacing--50)\">\n<div class=\"wp-block-columns alignwide is-layout-flex wp-container-core-columns-is-layout-ff4b9c61 wp-block-columns-is-layout-flex\" style=\"margin-top:0;margin-bottom:0\">\n<div class=\"wp-block-column is-layout-flow wp-container-core-column-is-layout-8a368f38 wp-block-column-is-layout-flow\">\n<figure class=\"wp-block-image size-large is-style-rounded wp-duotone-000-f6decd-2 is-style-rounded--1\"><img loading=\"lazy\" decoding=\"async\" width=\"1024\" height=\"683\" src=\"https:\/\/larah.hr\/wp-content\/uploads\/2024\/07\/pexels-jill-wellington-1638660-39853-1024x683.jpg\" alt=\"\" class=\"wp-image-301\" style=\"aspect-ratio:4\/3;object-fit:cover\" srcset=\"https:\/\/larah.hr\/wp-content\/uploads\/2024\/07\/pexels-jill-wellington-1638660-39853-1024x683.jpg 1024w, https:\/\/larah.hr\/wp-content\/uploads\/2024\/07\/pexels-jill-wellington-1638660-39853-300x200.jpg 300w, https:\/\/larah.hr\/wp-content\/uploads\/2024\/07\/pexels-jill-wellington-1638660-39853-768x512.jpg 768w, https:\/\/larah.hr\/wp-content\/uploads\/2024\/07\/pexels-jill-wellington-1638660-39853-1536x1024.jpg 1536w, https:\/\/larah.hr\/wp-content\/uploads\/2024\/07\/pexels-jill-wellington-1638660-39853-2048x1365.jpg 2048w\" sizes=\"auto, (max-width: 1024px) 100vw, 1024px\" \/><\/figure>\n\n\n\n<div style=\"height:var(--wp--preset--spacing--50)\" aria-hidden=\"true\" class=\"wp-block-spacer\"><\/div>\n\n\n\n<figure class=\"wp-block-image size-large is-style-rounded is-style-rounded--3\"><img loading=\"lazy\" decoding=\"async\" width=\"683\" height=\"1024\" src=\"https:\/\/larah.hr\/wp-content\/uploads\/2024\/07\/pexels-elly-fairytale-3822533-683x1024.jpg\" alt=\"\" class=\"wp-image-302\" style=\"aspect-ratio:3\/4;object-fit:cover\" srcset=\"https:\/\/larah.hr\/wp-content\/uploads\/2024\/07\/pexels-elly-fairytale-3822533-683x1024.jpg 683w, https:\/\/larah.hr\/wp-content\/uploads\/2024\/07\/pexels-elly-fairytale-3822533-200x300.jpg 200w, https:\/\/larah.hr\/wp-content\/uploads\/2024\/07\/pexels-elly-fairytale-3822533-768x1152.jpg 768w, https:\/\/larah.hr\/wp-content\/uploads\/2024\/07\/pexels-elly-fairytale-3822533-1024x1536.jpg 1024w, https:\/\/larah.hr\/wp-content\/uploads\/2024\/07\/pexels-elly-fairytale-3822533-1365x2048.jpg 1365w, https:\/\/larah.hr\/wp-content\/uploads\/2024\/07\/pexels-elly-fairytale-3822533-scaled.jpg 1707w\" sizes=\"auto, (max-width: 683px) 100vw, 683px\" \/><\/figure>\n<\/div>\n\n\n\n<div class=\"wp-block-column is-layout-flow wp-container-core-column-is-layout-8a368f38 wp-block-column-is-layout-flow\">\n<div style=\"height:var(--wp--preset--spacing--50)\" aria-hidden=\"true\" class=\"wp-block-spacer\"><\/div>\n\n\n\n<figure class=\"wp-block-image size-large is-style-rounded wp-duotone-000-f6decd-5 is-style-rounded--4\"><img loading=\"lazy\" decoding=\"async\" width=\"683\" height=\"1024\" src=\"https:\/\/larah.hr\/wp-content\/uploads\/2024\/07\/pexels-elly-fairytale-3823207-1-683x1024.jpg\" alt=\"\" class=\"wp-image-299\" style=\"aspect-ratio:3\/4;object-fit:cover\" srcset=\"https:\/\/larah.hr\/wp-content\/uploads\/2024\/07\/pexels-elly-fairytale-3823207-1-683x1024.jpg 683w, https:\/\/larah.hr\/wp-content\/uploads\/2024\/07\/pexels-elly-fairytale-3823207-1-200x300.jpg 200w, https:\/\/larah.hr\/wp-content\/uploads\/2024\/07\/pexels-elly-fairytale-3823207-1-768x1152.jpg 768w, https:\/\/larah.hr\/wp-content\/uploads\/2024\/07\/pexels-elly-fairytale-3823207-1-1024x1536.jpg 1024w, https:\/\/larah.hr\/wp-content\/uploads\/2024\/07\/pexels-elly-fairytale-3823207-1-1365x2048.jpg 1365w, https:\/\/larah.hr\/wp-content\/uploads\/2024\/07\/pexels-elly-fairytale-3823207-1-scaled.jpg 1707w\" sizes=\"auto, (max-width: 683px) 100vw, 683px\" \/><\/figure>\n\n\n\n<div style=\"height:var(--wp--preset--spacing--50)\" aria-hidden=\"true\" class=\"wp-block-spacer\"><\/div>\n\n\n\n<figure class=\"wp-block-image size-large is-style-rounded is-style-rounded--6\"><img loading=\"lazy\" decoding=\"async\" width=\"683\" height=\"1024\" src=\"https:\/\/larah.hr\/wp-content\/uploads\/2024\/07\/pexels-elly-fairytale-3823061-683x1024.jpg\" alt=\"\" class=\"wp-image-304\" style=\"aspect-ratio:1;object-fit:cover\" srcset=\"https:\/\/larah.hr\/wp-content\/uploads\/2024\/07\/pexels-elly-fairytale-3823061-683x1024.jpg 683w, https:\/\/larah.hr\/wp-content\/uploads\/2024\/07\/pexels-elly-fairytale-3823061-200x300.jpg 200w, https:\/\/larah.hr\/wp-content\/uploads\/2024\/07\/pexels-elly-fairytale-3823061-768x1152.jpg 768w, https:\/\/larah.hr\/wp-content\/uploads\/2024\/07\/pexels-elly-fairytale-3823061-1024x1536.jpg 1024w, https:\/\/larah.hr\/wp-content\/uploads\/2024\/07\/pexels-elly-fairytale-3823061-1365x2048.jpg 1365w, https:\/\/larah.hr\/wp-content\/uploads\/2024\/07\/pexels-elly-fairytale-3823061-scaled.jpg 1707w\" sizes=\"auto, (max-width: 683px) 100vw, 683px\" \/><\/figure>\n<\/div>\n\n\n\n<div class=\"wp-block-column is-layout-flow wp-container-core-column-is-layout-8a368f38 wp-block-column-is-layout-flow\">\n<figure class=\"wp-block-image size-large is-style-rounded wp-duotone-000-f6decd-8 is-style-rounded--7\"><img loading=\"lazy\" decoding=\"async\" width=\"683\" height=\"1024\" src=\"https:\/\/larah.hr\/wp-content\/uploads\/2024\/07\/pexels-elly-fairytale-3822145-683x1024.jpg\" alt=\"\" class=\"wp-image-300\" style=\"aspect-ratio:3\/4;object-fit:cover\" srcset=\"https:\/\/larah.hr\/wp-content\/uploads\/2024\/07\/pexels-elly-fairytale-3822145-683x1024.jpg 683w, https:\/\/larah.hr\/wp-content\/uploads\/2024\/07\/pexels-elly-fairytale-3822145-200x300.jpg 200w, https:\/\/larah.hr\/wp-content\/uploads\/2024\/07\/pexels-elly-fairytale-3822145-768x1152.jpg 768w, https:\/\/larah.hr\/wp-content\/uploads\/2024\/07\/pexels-elly-fairytale-3822145-1024x1536.jpg 1024w, https:\/\/larah.hr\/wp-content\/uploads\/2024\/07\/pexels-elly-fairytale-3822145-1365x2048.jpg 1365w, https:\/\/larah.hr\/wp-content\/uploads\/2024\/07\/pexels-elly-fairytale-3822145-scaled.jpg 1707w\" sizes=\"auto, (max-width: 683px) 100vw, 683px\" \/><\/figure>\n\n\n\n<div style=\"height:var(--wp--preset--spacing--50)\" aria-hidden=\"true\" class=\"wp-block-spacer\"><\/div>\n\n\n\n<figure class=\"wp-block-image size-large is-style-rounded is-style-rounded--9\"><img loading=\"lazy\" decoding=\"async\" width=\"683\" height=\"1024\" src=\"https:\/\/larah.hr\/wp-content\/uploads\/2024\/07\/pexels-elly-fairytale-3823060-1-683x1024.jpg\" alt=\"\" class=\"wp-image-305\" style=\"aspect-ratio:3\/4;object-fit:cover\" srcset=\"https:\/\/larah.hr\/wp-content\/uploads\/2024\/07\/pexels-elly-fairytale-3823060-1-683x1024.jpg 683w, https:\/\/larah.hr\/wp-content\/uploads\/2024\/07\/pexels-elly-fairytale-3823060-1-200x300.jpg 200w, https:\/\/larah.hr\/wp-content\/uploads\/2024\/07\/pexels-elly-fairytale-3823060-1-768x1152.jpg 768w, https:\/\/larah.hr\/wp-content\/uploads\/2024\/07\/pexels-elly-fairytale-3823060-1-1024x1536.jpg 1024w, https:\/\/larah.hr\/wp-content\/uploads\/2024\/07\/pexels-elly-fairytale-3823060-1-1365x2048.jpg 1365w, https:\/\/larah.hr\/wp-content\/uploads\/2024\/07\/pexels-elly-fairytale-3823060-1-scaled.jpg 1706w\" sizes=\"auto, (max-width: 683px) 100vw, 683px\" \/><\/figure>\n<\/div>\n\n\n\n<div class=\"wp-block-column is-layout-flow wp-container-core-column-is-layout-8a368f38 wp-block-column-is-layout-flow\">\n<div style=\"height:var(--wp--preset--spacing--50)\" aria-hidden=\"true\" class=\"wp-block-spacer\"><\/div>\n\n\n\n<figure class=\"wp-block-image size-large is-style-rounded wp-duotone-000-f6decd-11 is-style-rounded--10\"><img loading=\"lazy\" decoding=\"async\" width=\"1024\" height=\"683\" src=\"https:\/\/larah.hr\/wp-content\/uploads\/2024\/07\/pexels-elly-fairytale-3822118-1024x683.jpg\" alt=\"\" class=\"wp-image-298\" style=\"aspect-ratio:1;object-fit:cover\" srcset=\"https:\/\/larah.hr\/wp-content\/uploads\/2024\/07\/pexels-elly-fairytale-3822118-1024x683.jpg 1024w, https:\/\/larah.hr\/wp-content\/uploads\/2024\/07\/pexels-elly-fairytale-3822118-300x200.jpg 300w, https:\/\/larah.hr\/wp-content\/uploads\/2024\/07\/pexels-elly-fairytale-3822118-768x512.jpg 768w, https:\/\/larah.hr\/wp-content\/uploads\/2024\/07\/pexels-elly-fairytale-3822118-1536x1024.jpg 1536w, https:\/\/larah.hr\/wp-content\/uploads\/2024\/07\/pexels-elly-fairytale-3822118-2048x1365.jpg 2048w\" sizes=\"auto, (max-width: 1024px) 100vw, 1024px\" \/><\/figure>\n\n\n\n<div style=\"height:var(--wp--preset--spacing--50)\" aria-hidden=\"true\" class=\"wp-block-spacer\"><\/div>\n\n\n\n<figure class=\"wp-block-image size-large is-style-rounded is-style-rounded--12\"><img loading=\"lazy\" decoding=\"async\" width=\"1024\" height=\"1024\" src=\"https:\/\/larah.hr\/wp-content\/uploads\/2024\/07\/pexels-roman-davayposmotrim-4166-35987-1024x1024.jpg\" alt=\"\" class=\"wp-image-308\" style=\"aspect-ratio:16\/9;object-fit:cover\" srcset=\"https:\/\/larah.hr\/wp-content\/uploads\/2024\/07\/pexels-roman-davayposmotrim-4166-35987-1024x1024.jpg 1024w, https:\/\/larah.hr\/wp-content\/uploads\/2024\/07\/pexels-roman-davayposmotrim-4166-35987-300x300.jpg 300w, https:\/\/larah.hr\/wp-content\/uploads\/2024\/07\/pexels-roman-davayposmotrim-4166-35987-150x150.jpg 150w, https:\/\/larah.hr\/wp-content\/uploads\/2024\/07\/pexels-roman-davayposmotrim-4166-35987-768x768.jpg 768w, https:\/\/larah.hr\/wp-content\/uploads\/2024\/07\/pexels-roman-davayposmotrim-4166-35987-1536x1536.jpg 1536w, https:\/\/larah.hr\/wp-content\/uploads\/2024\/07\/pexels-roman-davayposmotrim-4166-35987.jpg 1988w\" sizes=\"auto, (max-width: 1024px) 100vw, 1024px\" \/><\/figure>\n<\/div>\n<\/div>\n<\/div>\n","protected":false},"excerpt":{"rendered":"<p>Znate li da \u0107e \u010dak 30 minuta jutarnjeg vje\u017ebanja imati pozitivan u\u010dinak na va\u0161 osje\u0107aj tijekom dana? Nema vi\u0161e odga\u0111anja! Dokotrljajte se iz kreveta na prostirku i zapo\u010dnite dan s jogom. Pridru\u017eite nam se na Zoomu od 8 do 8:45. Na kraju svakog sata ple\u0161emo kako bismo bili sigurni da je cijelo tijelo budno i [&hellip;]<\/p>\n","protected":false},"author":1,"featured_media":0,"parent":0,"menu_order":0,"comment_status":"closed","ping_status":"closed","template":"","meta":{"footnotes":""},"class_list":["post-296","page","type-page","status-publish","hentry"],"yoast_head":"<!-- This site is optimized with the Yoast SEO plugin v26.2 - https:\/\/yoast.com\/wordpress\/plugins\/seo\/ -->\n<title>Jutarnja online joga - Larah<\/title>\n<meta name=\"robots\" content=\"index, follow, max-snippet:-1, max-image-preview:large, max-video-preview:-1\" \/>\n<link rel=\"canonical\" href=\"https:\/\/larah.hr\/index.php\/jutarnja-online-joga\/\" \/>\n<meta property=\"og:locale\" content=\"en_US\" \/>\n<meta property=\"og:type\" content=\"article\" \/>\n<meta property=\"og:title\" content=\"Jutarnja online joga - Larah\" \/>\n<meta property=\"og:description\" content=\"Znate li da \u0107e \u010dak 30 minuta jutarnjeg vje\u017ebanja imati pozitivan u\u010dinak na va\u0161 osje\u0107aj tijekom dana? Nema vi\u0161e odga\u0111anja! Dokotrljajte se iz kreveta na prostirku i zapo\u010dnite dan s jogom. Pridru\u017eite nam se na Zoomu od 8 do 8:45. Na kraju svakog sata ple\u0161emo kako bismo bili sigurni da je cijelo tijelo budno i [&hellip;]\" \/>\n<meta property=\"og:url\" content=\"https:\/\/larah.hr\/index.php\/jutarnja-online-joga\/\" \/>\n<meta property=\"og:site_name\" content=\"Larah\" \/>\n<meta property=\"article:publisher\" content=\"https:\/\/www.facebook.com\/profile.php?id=61555652999610\" \/>\n<meta property=\"article:modified_time\" content=\"2024-07-30T18:49:16+00:00\" \/>\n<meta property=\"og:image\" content=\"https:\/\/larah.hr\/wp-content\/uploads\/2024\/07\/pexels-shvetsa-6593718-scaled.jpg\" \/>\n\t<meta property=\"og:image:width\" content=\"2560\" \/>\n\t<meta property=\"og:image:height\" content=\"1707\" \/>\n\t<meta property=\"og:image:type\" content=\"image\/jpeg\" \/>\n<meta name=\"twitter:card\" content=\"summary_large_image\" \/>\n<meta name=\"twitter:label1\" content=\"Est. reading time\" \/>\n\t<meta name=\"twitter:data1\" content=\"1 minute\" \/>\n<script type=\"application\/ld+json\" class=\"yoast-schema-graph\">{\"@context\":\"https:\/\/schema.org\",\"@graph\":[{\"@type\":\"WebPage\",\"@id\":\"https:\/\/larah.hr\/index.php\/jutarnja-online-joga\/\",\"url\":\"https:\/\/larah.hr\/index.php\/jutarnja-online-joga\/\",\"name\":\"Jutarnja online joga - Larah\",\"isPartOf\":{\"@id\":\"https:\/\/larah.hr\/#website\"},\"primaryImageOfPage\":{\"@id\":\"https:\/\/larah.hr\/index.php\/jutarnja-online-joga\/#primaryimage\"},\"image\":{\"@id\":\"https:\/\/larah.hr\/index.php\/jutarnja-online-joga\/#primaryimage\"},\"thumbnailUrl\":\"https:\/\/larah.hr\/wp-content\/uploads\/2024\/07\/pexels-shvetsa-6593718-1024x683.jpg\",\"datePublished\":\"2024-07-30T18:36:59+00:00\",\"dateModified\":\"2024-07-30T18:49:16+00:00\",\"breadcrumb\":{\"@id\":\"https:\/\/larah.hr\/index.php\/jutarnja-online-joga\/#breadcrumb\"},\"inLanguage\":\"en-US\",\"potentialAction\":[{\"@type\":\"ReadAction\",\"target\":[\"https:\/\/larah.hr\/index.php\/jutarnja-online-joga\/\"]}]},{\"@type\":\"ImageObject\",\"inLanguage\":\"en-US\",\"@id\":\"https:\/\/larah.hr\/index.php\/jutarnja-online-joga\/#primaryimage\",\"url\":\"https:\/\/larah.hr\/wp-content\/uploads\/2024\/07\/pexels-shvetsa-6593718-scaled.jpg\",\"contentUrl\":\"https:\/\/larah.hr\/wp-content\/uploads\/2024\/07\/pexels-shvetsa-6593718-scaled.jpg\",\"width\":2560,\"height\":1707},{\"@type\":\"BreadcrumbList\",\"@id\":\"https:\/\/larah.hr\/index.php\/jutarnja-online-joga\/#breadcrumb\",\"itemListElement\":[{\"@type\":\"ListItem\",\"position\":1,\"name\":\"Home\",\"item\":\"https:\/\/larah.hr\/\"},{\"@type\":\"ListItem\",\"position\":2,\"name\":\"Jutarnja online joga\"}]},{\"@type\":\"WebSite\",\"@id\":\"https:\/\/larah.hr\/#website\",\"url\":\"https:\/\/larah.hr\/\",\"name\":\"Larah\",\"description\":\"Grupna i individualna podr\u0161ka za djecu i odrasle.\",\"publisher\":{\"@id\":\"https:\/\/larah.hr\/#organization\"},\"potentialAction\":[{\"@type\":\"SearchAction\",\"target\":{\"@type\":\"EntryPoint\",\"urlTemplate\":\"https:\/\/larah.hr\/?s={search_term_string}\"},\"query-input\":{\"@type\":\"PropertyValueSpecification\",\"valueRequired\":true,\"valueName\":\"search_term_string\"}}],\"inLanguage\":\"en-US\"},{\"@type\":\"Organization\",\"@id\":\"https:\/\/larah.hr\/#organization\",\"name\":\"Larah\",\"url\":\"https:\/\/larah.hr\/\",\"logo\":{\"@type\":\"ImageObject\",\"inLanguage\":\"en-US\",\"@id\":\"https:\/\/larah.hr\/#\/schema\/logo\/image\/\",\"url\":\"https:\/\/larah.hr\/wp-content\/uploads\/2024\/07\/Screenshot-2024-07-30-at-15.35.21.png\",\"contentUrl\":\"https:\/\/larah.hr\/wp-content\/uploads\/2024\/07\/Screenshot-2024-07-30-at-15.35.21.png\",\"width\":420,\"height\":386,\"caption\":\"Larah\"},\"image\":{\"@id\":\"https:\/\/larah.hr\/#\/schema\/logo\/image\/\"},\"sameAs\":[\"https:\/\/www.facebook.com\/profile.php?id=61555652999610\"]}]}<\/script>\n<!-- \/ Yoast SEO plugin. -->","yoast_head_json":{"title":"Jutarnja online joga - Larah","robots":{"index":"index","follow":"follow","max-snippet":"max-snippet:-1","max-image-preview":"max-image-preview:large","max-video-preview":"max-video-preview:-1"},"canonical":"https:\/\/larah.hr\/index.php\/jutarnja-online-joga\/","og_locale":"en_US","og_type":"article","og_title":"Jutarnja online joga - Larah","og_description":"Znate li da \u0107e \u010dak 30 minuta jutarnjeg vje\u017ebanja imati pozitivan u\u010dinak na va\u0161 osje\u0107aj tijekom dana? Nema vi\u0161e odga\u0111anja! Dokotrljajte se iz kreveta na prostirku i zapo\u010dnite dan s jogom. Pridru\u017eite nam se na Zoomu od 8 do 8:45. Na kraju svakog sata ple\u0161emo kako bismo bili sigurni da je cijelo tijelo budno i [&hellip;]","og_url":"https:\/\/larah.hr\/index.php\/jutarnja-online-joga\/","og_site_name":"Larah","article_publisher":"https:\/\/www.facebook.com\/profile.php?id=61555652999610","article_modified_time":"2024-07-30T18:49:16+00:00","og_image":[{"width":2560,"height":1707,"url":"https:\/\/larah.hr\/wp-content\/uploads\/2024\/07\/pexels-shvetsa-6593718-scaled.jpg","type":"image\/jpeg"}],"twitter_card":"summary_large_image","twitter_misc":{"Est. reading time":"1 minute"},"schema":{"@context":"https:\/\/schema.org","@graph":[{"@type":"WebPage","@id":"https:\/\/larah.hr\/index.php\/jutarnja-online-joga\/","url":"https:\/\/larah.hr\/index.php\/jutarnja-online-joga\/","name":"Jutarnja online joga - Larah","isPartOf":{"@id":"https:\/\/larah.hr\/#website"},"primaryImageOfPage":{"@id":"https:\/\/larah.hr\/index.php\/jutarnja-online-joga\/#primaryimage"},"image":{"@id":"https:\/\/larah.hr\/index.php\/jutarnja-online-joga\/#primaryimage"},"thumbnailUrl":"https:\/\/larah.hr\/wp-content\/uploads\/2024\/07\/pexels-shvetsa-6593718-1024x683.jpg","datePublished":"2024-07-30T18:36:59+00:00","dateModified":"2024-07-30T18:49:16+00:00","breadcrumb":{"@id":"https:\/\/larah.hr\/index.php\/jutarnja-online-joga\/#breadcrumb"},"inLanguage":"en-US","potentialAction":[{"@type":"ReadAction","target":["https:\/\/larah.hr\/index.php\/jutarnja-online-joga\/"]}]},{"@type":"ImageObject","inLanguage":"en-US","@id":"https:\/\/larah.hr\/index.php\/jutarnja-online-joga\/#primaryimage","url":"https:\/\/larah.hr\/wp-content\/uploads\/2024\/07\/pexels-shvetsa-6593718-scaled.jpg","contentUrl":"https:\/\/larah.hr\/wp-content\/uploads\/2024\/07\/pexels-shvetsa-6593718-scaled.jpg","width":2560,"height":1707},{"@type":"BreadcrumbList","@id":"https:\/\/larah.hr\/index.php\/jutarnja-online-joga\/#breadcrumb","itemListElement":[{"@type":"ListItem","position":1,"name":"Home","item":"https:\/\/larah.hr\/"},{"@type":"ListItem","position":2,"name":"Jutarnja online joga"}]},{"@type":"WebSite","@id":"https:\/\/larah.hr\/#website","url":"https:\/\/larah.hr\/","name":"Larah","description":"Grupna i individualna podr\u0161ka za djecu i odrasle.","publisher":{"@id":"https:\/\/larah.hr\/#organization"},"potentialAction":[{"@type":"SearchAction","target":{"@type":"EntryPoint","urlTemplate":"https:\/\/larah.hr\/?s={search_term_string}"},"query-input":{"@type":"PropertyValueSpecification","valueRequired":true,"valueName":"search_term_string"}}],"inLanguage":"en-US"},{"@type":"Organization","@id":"https:\/\/larah.hr\/#organization","name":"Larah","url":"https:\/\/larah.hr\/","logo":{"@type":"ImageObject","inLanguage":"en-US","@id":"https:\/\/larah.hr\/#\/schema\/logo\/image\/","url":"https:\/\/larah.hr\/wp-content\/uploads\/2024\/07\/Screenshot-2024-07-30-at-15.35.21.png","contentUrl":"https:\/\/larah.hr\/wp-content\/uploads\/2024\/07\/Screenshot-2024-07-30-at-15.35.21.png","width":420,"height":386,"caption":"Larah"},"image":{"@id":"https:\/\/larah.hr\/#\/schema\/logo\/image\/"},"sameAs":["https:\/\/www.facebook.com\/profile.php?id=61555652999610"]}]}},"_links":{"self":[{"href":"https:\/\/larah.hr\/index.php\/wp-json\/wp\/v2\/pages\/296","targetHints":{"allow":["GET"]}}],"collection":[{"href":"https:\/\/larah.hr\/index.php\/wp-json\/wp\/v2\/pages"}],"about":[{"href":"https:\/\/larah.hr\/index.php\/wp-json\/wp\/v2\/types\/page"}],"author":[{"embeddable":true,"href":"https:\/\/larah.hr\/index.php\/wp-json\/wp\/v2\/users\/1"}],"replies":[{"embeddable":true,"href":"https:\/\/larah.hr\/index.php\/wp-json\/wp\/v2\/comments?post=296"}],"version-history":[{"count":4,"href":"https:\/\/larah.hr\/index.php\/wp-json\/wp\/v2\/pages\/296\/revisions"}],"predecessor-version":[{"id":378,"href":"https:\/\/larah.hr\/index.php\/wp-json\/wp\/v2\/pages\/296\/revisions\/378"}],"wp:attachment":[{"href":"https:\/\/larah.hr\/index.php\/wp-json\/wp\/v2\/media?parent=296"}],"curies":[{"name":"wp","href":"https:\/\/api.w.org\/{rel}","templated":true}]}}