{"id":333,"date":"2024-07-31T07:34:40","date_gmt":"2024-07-31T07:34:40","guid":{"rendered":"https:\/\/larah.hr\/?page_id=333"},"modified":"2024-11-05T11:40:00","modified_gmt":"2024-11-05T11:40:00","slug":"istrazi-svoj-dah","status":"publish","type":"page","link":"https:\/\/larah.hr\/index.php\/istrazi-svoj-dah\/","title":{"rendered":"Istra\u017ei svoj dah"},"content":{"rendered":"\n<div class=\"wp-block-group alignfull has-accent-background-color has-background has-global-padding is-layout-constrained wp-container-core-group-is-layout-669513ed wp-block-group-is-layout-constrained\" style=\"margin-top:0;margin-bottom:0;padding-top:var(--wp--preset--spacing--50);padding-right:var(--wp--preset--spacing--50);padding-bottom:var(--wp--preset--spacing--50);padding-left:var(--wp--preset--spacing--50)\">\n<div class=\"wp-block-columns alignwide is-layout-flex wp-container-core-columns-is-layout-1da03c2a wp-block-columns-is-layout-flex\">\n<div class=\"wp-block-column is-vertically-aligned-stretch is-layout-flow wp-block-column-is-layout-flow\" style=\"flex-basis:50%\">\n<div class=\"wp-block-group is-vertical is-content-justification-stretch is-layout-flex wp-container-core-group-is-layout-444d5ee8 wp-block-group-is-layout-flex\" style=\"min-height:100%\">\n<p class=\"has-heading-font-family has-x-large-font-size\" style=\"line-height:1.2\">Koliko smo svjesni vlastitog daha? Iz kojeg dijela tijela di\u0161emo? Mo\u017eemo li produbiti dah? &nbsp;<\/p>\n\n\n\n<p>Ovim jutarnjim ciklusom \u017eelimo odgovoriti na ova pitanja, osvijestiti i istra\u017eiti svoj dah.&nbsp;<\/p>\n\n\n\n<p>Ciklus traje 5 dana za redom, ujutro od ponedjeljka do petka online putem zooma. <\/p>\n\n\n\n<p>Ciklus se odr\u017eava jednom mjese\u010dno od 8h-8:45h. Termini na upit po prijavi.<\/p>\n\n\n\n<div class=\"wp-block-group has-global-padding is-content-justification-left is-layout-constrained wp-container-core-group-is-layout-9fe8ed88 wp-block-group-is-layout-constrained\">\n<p class=\"wp-container-content-0733e5d0\">Vi\u0161e info i prijave na: <\/p>\n\n\n\n<div class=\"wp-block-buttons is-layout-flex wp-block-buttons-is-layout-flex\">\n<div class=\"wp-block-button\"><a class=\"wp-block-button__link wp-element-button\" href=\"mailto:info@larah.hr\">info@larah.hr<\/a><\/div>\n<\/div>\n<\/div>\n\n\n\n<p class=\"has-heading-font-family has-x-large-font-size\" style=\"line-height:1.2\">Tehnike disanja omogu\u0107uju nam da rastegnemo plu\u0107a i oja\u010damo tijelo, poja\u010damo krvotok, uravnote\u017eimo um i raspolo\u017eenje.<\/p>\n<\/div>\n<\/div>\n\n\n\n<div class=\"wp-block-column is-vertically-aligned-center is-layout-flow wp-block-column-is-layout-flow\" style=\"flex-basis:50%\">\n<figure class=\"wp-block-image size-large is-style-rounded wp-duotone-unset-2 is-style-rounded--1\"><img loading=\"lazy\" decoding=\"async\" width=\"763\" height=\"1024\" src=\"https:\/\/larah.hr\/wp-content\/uploads\/2024\/07\/pexels-josh-hild-3363426-763x1024.jpg\" alt=\"\" class=\"wp-image-271\" style=\"aspect-ratio:3\/4;object-fit:cover\" srcset=\"https:\/\/larah.hr\/wp-content\/uploads\/2024\/07\/pexels-josh-hild-3363426-763x1024.jpg 763w, https:\/\/larah.hr\/wp-content\/uploads\/2024\/07\/pexels-josh-hild-3363426-223x300.jpg 223w, https:\/\/larah.hr\/wp-content\/uploads\/2024\/07\/pexels-josh-hild-3363426-768x1031.jpg 768w, https:\/\/larah.hr\/wp-content\/uploads\/2024\/07\/pexels-josh-hild-3363426-1144x1536.jpg 1144w, https:\/\/larah.hr\/wp-content\/uploads\/2024\/07\/pexels-josh-hild-3363426-1525x2048.jpg 1525w, https:\/\/larah.hr\/wp-content\/uploads\/2024\/07\/pexels-josh-hild-3363426-scaled.jpg 1907w\" sizes=\"auto, (max-width: 763px) 100vw, 763px\" \/><\/figure>\n<\/div>\n<\/div>\n<\/div>\n\n\n\n<figure class=\"wp-block-embed is-type-video is-provider-youtube wp-block-embed-youtube wp-embed-aspect-16-9 wp-has-aspect-ratio\"><div class=\"wp-block-embed__wrapper\">\n<iframe loading=\"lazy\" title=\"Na rubu znanosti: James Nestor - Dah\" width=\"500\" height=\"281\" src=\"https:\/\/www.youtube.com\/embed\/iB1hdiztb5M?feature=oembed\" frameborder=\"0\" allow=\"accelerometer; autoplay; clipboard-write; encrypted-media; gyroscope; picture-in-picture; web-share\" referrerpolicy=\"strict-origin-when-cross-origin\" allowfullscreen><\/iframe>\n<\/div><\/figure>\n","protected":false},"excerpt":{"rendered":"<p>Koliko smo svjesni vlastitog daha? Iz kojeg dijela tijela di\u0161emo? Mo\u017eemo li produbiti dah? &nbsp; Ovim jutarnjim ciklusom \u017eelimo odgovoriti na ova pitanja, osvijestiti i istra\u017eiti svoj dah.&nbsp; Ciklus traje 5 dana za redom, ujutro od ponedjeljka do petka online putem zooma. Ciklus se odr\u017eava jednom mjese\u010dno od 8h-8:45h. Termini na upit po prijavi. Vi\u0161e [&hellip;]<\/p>\n","protected":false},"author":1,"featured_media":0,"parent":0,"menu_order":0,"comment_status":"closed","ping_status":"closed","template":"","meta":{"footnotes":""},"class_list":["post-333","page","type-page","status-publish","hentry"],"yoast_head":"<!-- This site is optimized with the Yoast SEO plugin v26.2 - https:\/\/yoast.com\/wordpress\/plugins\/seo\/ -->\n<title>Istra\u017ei svoj dah - Larah<\/title>\n<meta name=\"robots\" content=\"index, follow, max-snippet:-1, max-image-preview:large, max-video-preview:-1\" \/>\n<link rel=\"canonical\" href=\"https:\/\/larah.hr\/index.php\/istrazi-svoj-dah\/\" \/>\n<meta property=\"og:locale\" content=\"en_US\" \/>\n<meta property=\"og:type\" content=\"article\" \/>\n<meta property=\"og:title\" content=\"Istra\u017ei svoj dah - Larah\" \/>\n<meta property=\"og:description\" content=\"Koliko smo svjesni vlastitog daha? Iz kojeg dijela tijela di\u0161emo? Mo\u017eemo li produbiti dah? &nbsp; Ovim jutarnjim ciklusom \u017eelimo odgovoriti na ova pitanja, osvijestiti i istra\u017eiti svoj dah.&nbsp; Ciklus traje 5 dana za redom, ujutro od ponedjeljka do petka online putem zooma. Ciklus se odr\u017eava jednom mjese\u010dno od 8h-8:45h. Termini na upit po prijavi. Vi\u0161e [&hellip;]\" \/>\n<meta property=\"og:url\" content=\"https:\/\/larah.hr\/index.php\/istrazi-svoj-dah\/\" \/>\n<meta property=\"og:site_name\" content=\"Larah\" \/>\n<meta property=\"article:publisher\" content=\"https:\/\/www.facebook.com\/profile.php?id=61555652999610\" \/>\n<meta property=\"article:modified_time\" content=\"2024-11-05T11:40:00+00:00\" \/>\n<meta property=\"og:image\" content=\"https:\/\/larah.hr\/wp-content\/uploads\/2024\/07\/pexels-josh-hild-3363426-scaled.jpg\" \/>\n\t<meta property=\"og:image:width\" content=\"1907\" \/>\n\t<meta property=\"og:image:height\" content=\"2560\" \/>\n\t<meta property=\"og:image:type\" content=\"image\/jpeg\" \/>\n<meta name=\"twitter:card\" content=\"summary_large_image\" \/>\n<meta name=\"twitter:label1\" content=\"Est. reading time\" \/>\n\t<meta name=\"twitter:data1\" content=\"1 minute\" \/>\n<script type=\"application\/ld+json\" class=\"yoast-schema-graph\">{\"@context\":\"https:\/\/schema.org\",\"@graph\":[{\"@type\":\"WebPage\",\"@id\":\"https:\/\/larah.hr\/index.php\/istrazi-svoj-dah\/\",\"url\":\"https:\/\/larah.hr\/index.php\/istrazi-svoj-dah\/\",\"name\":\"Istra\u017ei svoj dah - Larah\",\"isPartOf\":{\"@id\":\"https:\/\/larah.hr\/#website\"},\"primaryImageOfPage\":{\"@id\":\"https:\/\/larah.hr\/index.php\/istrazi-svoj-dah\/#primaryimage\"},\"image\":{\"@id\":\"https:\/\/larah.hr\/index.php\/istrazi-svoj-dah\/#primaryimage\"},\"thumbnailUrl\":\"https:\/\/larah.hr\/wp-content\/uploads\/2024\/07\/pexels-josh-hild-3363426-763x1024.jpg\",\"datePublished\":\"2024-07-31T07:34:40+00:00\",\"dateModified\":\"2024-11-05T11:40:00+00:00\",\"breadcrumb\":{\"@id\":\"https:\/\/larah.hr\/index.php\/istrazi-svoj-dah\/#breadcrumb\"},\"inLanguage\":\"en-US\",\"potentialAction\":[{\"@type\":\"ReadAction\",\"target\":[\"https:\/\/larah.hr\/index.php\/istrazi-svoj-dah\/\"]}]},{\"@type\":\"ImageObject\",\"inLanguage\":\"en-US\",\"@id\":\"https:\/\/larah.hr\/index.php\/istrazi-svoj-dah\/#primaryimage\",\"url\":\"https:\/\/larah.hr\/wp-content\/uploads\/2024\/07\/pexels-josh-hild-3363426-scaled.jpg\",\"contentUrl\":\"https:\/\/larah.hr\/wp-content\/uploads\/2024\/07\/pexels-josh-hild-3363426-scaled.jpg\",\"width\":1907,\"height\":2560},{\"@type\":\"BreadcrumbList\",\"@id\":\"https:\/\/larah.hr\/index.php\/istrazi-svoj-dah\/#breadcrumb\",\"itemListElement\":[{\"@type\":\"ListItem\",\"position\":1,\"name\":\"Home\",\"item\":\"https:\/\/larah.hr\/\"},{\"@type\":\"ListItem\",\"position\":2,\"name\":\"Istra\u017ei svoj dah\"}]},{\"@type\":\"WebSite\",\"@id\":\"https:\/\/larah.hr\/#website\",\"url\":\"https:\/\/larah.hr\/\",\"name\":\"Larah\",\"description\":\"Grupna i individualna podr\u0161ka za djecu i odrasle.\",\"publisher\":{\"@id\":\"https:\/\/larah.hr\/#organization\"},\"potentialAction\":[{\"@type\":\"SearchAction\",\"target\":{\"@type\":\"EntryPoint\",\"urlTemplate\":\"https:\/\/larah.hr\/?s={search_term_string}\"},\"query-input\":{\"@type\":\"PropertyValueSpecification\",\"valueRequired\":true,\"valueName\":\"search_term_string\"}}],\"inLanguage\":\"en-US\"},{\"@type\":\"Organization\",\"@id\":\"https:\/\/larah.hr\/#organization\",\"name\":\"Larah\",\"url\":\"https:\/\/larah.hr\/\",\"logo\":{\"@type\":\"ImageObject\",\"inLanguage\":\"en-US\",\"@id\":\"https:\/\/larah.hr\/#\/schema\/logo\/image\/\",\"url\":\"https:\/\/larah.hr\/wp-content\/uploads\/2024\/07\/Screenshot-2024-07-30-at-15.35.21.png\",\"contentUrl\":\"https:\/\/larah.hr\/wp-content\/uploads\/2024\/07\/Screenshot-2024-07-30-at-15.35.21.png\",\"width\":420,\"height\":386,\"caption\":\"Larah\"},\"image\":{\"@id\":\"https:\/\/larah.hr\/#\/schema\/logo\/image\/\"},\"sameAs\":[\"https:\/\/www.facebook.com\/profile.php?id=61555652999610\"]}]}<\/script>\n<!-- \/ Yoast SEO plugin. -->","yoast_head_json":{"title":"Istra\u017ei svoj dah - Larah","robots":{"index":"index","follow":"follow","max-snippet":"max-snippet:-1","max-image-preview":"max-image-preview:large","max-video-preview":"max-video-preview:-1"},"canonical":"https:\/\/larah.hr\/index.php\/istrazi-svoj-dah\/","og_locale":"en_US","og_type":"article","og_title":"Istra\u017ei svoj dah - Larah","og_description":"Koliko smo svjesni vlastitog daha? Iz kojeg dijela tijela di\u0161emo? Mo\u017eemo li produbiti dah? &nbsp; Ovim jutarnjim ciklusom \u017eelimo odgovoriti na ova pitanja, osvijestiti i istra\u017eiti svoj dah.&nbsp; Ciklus traje 5 dana za redom, ujutro od ponedjeljka do petka online putem zooma. Ciklus se odr\u017eava jednom mjese\u010dno od 8h-8:45h. Termini na upit po prijavi. Vi\u0161e [&hellip;]","og_url":"https:\/\/larah.hr\/index.php\/istrazi-svoj-dah\/","og_site_name":"Larah","article_publisher":"https:\/\/www.facebook.com\/profile.php?id=61555652999610","article_modified_time":"2024-11-05T11:40:00+00:00","og_image":[{"width":1907,"height":2560,"url":"https:\/\/larah.hr\/wp-content\/uploads\/2024\/07\/pexels-josh-hild-3363426-scaled.jpg","type":"image\/jpeg"}],"twitter_card":"summary_large_image","twitter_misc":{"Est. reading time":"1 minute"},"schema":{"@context":"https:\/\/schema.org","@graph":[{"@type":"WebPage","@id":"https:\/\/larah.hr\/index.php\/istrazi-svoj-dah\/","url":"https:\/\/larah.hr\/index.php\/istrazi-svoj-dah\/","name":"Istra\u017ei svoj dah - Larah","isPartOf":{"@id":"https:\/\/larah.hr\/#website"},"primaryImageOfPage":{"@id":"https:\/\/larah.hr\/index.php\/istrazi-svoj-dah\/#primaryimage"},"image":{"@id":"https:\/\/larah.hr\/index.php\/istrazi-svoj-dah\/#primaryimage"},"thumbnailUrl":"https:\/\/larah.hr\/wp-content\/uploads\/2024\/07\/pexels-josh-hild-3363426-763x1024.jpg","datePublished":"2024-07-31T07:34:40+00:00","dateModified":"2024-11-05T11:40:00+00:00","breadcrumb":{"@id":"https:\/\/larah.hr\/index.php\/istrazi-svoj-dah\/#breadcrumb"},"inLanguage":"en-US","potentialAction":[{"@type":"ReadAction","target":["https:\/\/larah.hr\/index.php\/istrazi-svoj-dah\/"]}]},{"@type":"ImageObject","inLanguage":"en-US","@id":"https:\/\/larah.hr\/index.php\/istrazi-svoj-dah\/#primaryimage","url":"https:\/\/larah.hr\/wp-content\/uploads\/2024\/07\/pexels-josh-hild-3363426-scaled.jpg","contentUrl":"https:\/\/larah.hr\/wp-content\/uploads\/2024\/07\/pexels-josh-hild-3363426-scaled.jpg","width":1907,"height":2560},{"@type":"BreadcrumbList","@id":"https:\/\/larah.hr\/index.php\/istrazi-svoj-dah\/#breadcrumb","itemListElement":[{"@type":"ListItem","position":1,"name":"Home","item":"https:\/\/larah.hr\/"},{"@type":"ListItem","position":2,"name":"Istra\u017ei svoj dah"}]},{"@type":"WebSite","@id":"https:\/\/larah.hr\/#website","url":"https:\/\/larah.hr\/","name":"Larah","description":"Grupna i individualna podr\u0161ka za djecu i odrasle.","publisher":{"@id":"https:\/\/larah.hr\/#organization"},"potentialAction":[{"@type":"SearchAction","target":{"@type":"EntryPoint","urlTemplate":"https:\/\/larah.hr\/?s={search_term_string}"},"query-input":{"@type":"PropertyValueSpecification","valueRequired":true,"valueName":"search_term_string"}}],"inLanguage":"en-US"},{"@type":"Organization","@id":"https:\/\/larah.hr\/#organization","name":"Larah","url":"https:\/\/larah.hr\/","logo":{"@type":"ImageObject","inLanguage":"en-US","@id":"https:\/\/larah.hr\/#\/schema\/logo\/image\/","url":"https:\/\/larah.hr\/wp-content\/uploads\/2024\/07\/Screenshot-2024-07-30-at-15.35.21.png","contentUrl":"https:\/\/larah.hr\/wp-content\/uploads\/2024\/07\/Screenshot-2024-07-30-at-15.35.21.png","width":420,"height":386,"caption":"Larah"},"image":{"@id":"https:\/\/larah.hr\/#\/schema\/logo\/image\/"},"sameAs":["https:\/\/www.facebook.com\/profile.php?id=61555652999610"]}]}},"_links":{"self":[{"href":"https:\/\/larah.hr\/index.php\/wp-json\/wp\/v2\/pages\/333","targetHints":{"allow":["GET"]}}],"collection":[{"href":"https:\/\/larah.hr\/index.php\/wp-json\/wp\/v2\/pages"}],"about":[{"href":"https:\/\/larah.hr\/index.php\/wp-json\/wp\/v2\/types\/page"}],"author":[{"embeddable":true,"href":"https:\/\/larah.hr\/index.php\/wp-json\/wp\/v2\/users\/1"}],"replies":[{"embeddable":true,"href":"https:\/\/larah.hr\/index.php\/wp-json\/wp\/v2\/comments?post=333"}],"version-history":[{"count":4,"href":"https:\/\/larah.hr\/index.php\/wp-json\/wp\/v2\/pages\/333\/revisions"}],"predecessor-version":[{"id":631,"href":"https:\/\/larah.hr\/index.php\/wp-json\/wp\/v2\/pages\/333\/revisions\/631"}],"wp:attachment":[{"href":"https:\/\/larah.hr\/index.php\/wp-json\/wp\/v2\/media?parent=333"}],"curies":[{"name":"wp","href":"https:\/\/api.w.org\/{rel}","templated":true}]}}