{"id":429,"date":"2024-10-28T15:57:59","date_gmt":"2024-10-28T15:57:59","guid":{"rendered":"https:\/\/larah.hr\/?page_id=429"},"modified":"2024-11-12T10:54:11","modified_gmt":"2024-11-12T10:54:11","slug":"pravila-koristenja-internetske-stranice","status":"publish","type":"page","link":"https:\/\/larah.hr\/index.php\/pravila-koristenja-internetske-stranice\/","title":{"rendered":"Pravila kori\u0161tenja\u00a0internetske stranice"},"content":{"rendered":"\n<h2 class=\"wp-block-heading\">Uvjeti kori\u0161tenja web stranice<\/h2>\n\n\n\n<p>Dobrodo\u0161li na web stranice larah.hr.<\/p>\n\n\n\n<p>Larah.hr Vam omogu\u0107uje kori\u0161tenje sadr\u017eaja ovih web stranica, koje je podlo\u017eno ni\u017ee navedenim uvjetima kori\u0161tenja. Smatra se da ste upoznati s ovim uvjetima i svim rizicima koji nastaju kori\u0161tenjem bilo kojeg dijela web stranica te da prihva\u0107ate koristiti njihov sadr\u017eaj isklju\u010divo za osobnu uporabu i na vlastitu odgovornost.<\/p>\n\n\n\n<h3 class=\"wp-block-heading\">AUTORSKA PRAVA<\/h3>\n\n\n\n<p>Sadr\u017eaji koji se nalaze na ovim web stranicama (tekstualni, vizualni i audio materijali, baze podataka i programerski kod) za\u0161ti\u0107eni su autorskim pravima. Neovla\u0161teno kori\u0161tenje bilo kojeg dijela web stranica, bez dozvole vlasnika autorskih prava, smatra se kr\u0161enjem autorskih prava i podlo\u017eno je tu\u017ebi, sukladno va\u017ee\u0107im propisima o autorskim pravima.<\/p>\n\n\n\n<h3 class=\"wp-block-heading\">PRAVO NA IZMJENE SADR\u017dAJA<\/h3>\n\n\n\n<p>Larah.hr zadr\u017eava pravo promjene, ukidanja (privremenog ili trajnog) bilo kojeg sadr\u017eaja na ovim web stranicama bez obaveze prethodne najave.<\/p>\n\n\n\n<h3 class=\"wp-block-heading\">LINKOVI NA DRUGE WEB STRANICE<\/h3>\n\n\n\n<p>Web stranice Larah.hr sastoje se od vlastitih sadr\u017eaja, sadr\u017eaja partnera\/suradnika te linkova na vanjske stranice. Sve sadr\u017eaje ovih web stranica koristite na vlastitu odgovornost te se Larah.hr ne mo\u017ee smatrati odgovornim za eventualnu \u0161tetu nastalu kori\u0161tenjem.<\/p>\n\n\n\n<h3 class=\"wp-block-heading\">IZMJENE UVJETA KORI\u0160TENJA<\/h3>\n\n\n\n<p>Larah.hr zadr\u017eava pravo izmjene ovih uvjeta kori\u0161tenja u bilo kojem trenutku te ne\u0107e biti odgovoran za mogu\u0107e posljedice proiza\u0161le iz takvih promjena. Navedene promjene stupaju na snagu objavljivanjem na ovim web stranicama.<\/p>\n\n\n\n<h2 class=\"wp-block-heading\">Politika privatnosti<\/h2>\n\n\n\n<p>Posjetom ovoj web stranici unaprijed pristajete na uvjete ove <a href=\"https:\/\/larah.hr\/index.php\/politika-privatnosti\/\">Politike privatnosti<\/a>. Ako ne \u017eelite prihvatiti ove uvjete, napuste ovu stranicu. Zadr\u017eavamo pravo izmjene ove Politike privatnosti u bilo kojem trenutku. Sve promjene bit \u0107e pravodobno objavljene na ovoj web stranici.<\/p>\n\n\n\n<h3 class=\"wp-block-heading\">INFORMACIJE KOJE SE PRIKUPLJAJU<\/h3>\n\n\n\n<p>Na ovoj web stranici prikupljaju se informacije koje nisu vezane uz vas osobno i osobni podaci koje dobrovoljno dostavite popunjavanjem kontakt obrasca, \u010dijim slanjem potvr\u0111ujete da ste upoznati s\u00a0<a href=\"https:\/\/larah.hr\/index.php\/politika-privatnosti\/\">Politikom privatnosti<\/a>, koja su objavljena na ovim web stranicama Larah.<\/p>\n\n\n\n<p>Informacije koje nisu vezane uz vas osobno su informacije koje vas ne identificiraju kao pojedinca, kao \u0161to su vrsta va\u0161eg preglednika, IP adresa, URL prethodne internetske stranice koju ste posjetili itd.<\/p>\n\n\n\n<p>Svrha prikupljanja ovih informacija je omogu\u0107iti Vam sigurno i u\u010dinkovito kori\u0161tenje stranice i njezinih sadr\u017eaja.<\/p>\n\n\n\n<p>Ova web stranica mo\u017ee koristiti \u201ccookie\u201d (kola\u010di\u0107) tehnologiju kako bi unaprijedio Va\u0161e iskustvo na stranici i prikupio podatke za statisti\u010dko izvje\u0161\u0107ivanje. Kola\u010di\u0107 tehnologija ne pohranjuje va\u0161u individualnu e-mail adresu ni bilo kakve osobne podatke o vama.<\/p>\n\n\n\n<p>Kola\u010di\u0107 je mala jedinica informacija poslanih s internetske stranice koju preglednik va\u0161eg ra\u010dunala pohranjuje na va\u0161 tvrdi disk. Ona sadr\u017ei informacije koje mogu zatrebati web stranici kako bi personalizirala va\u0161e iskustvo te prikupila statisti\u010dke podatke, kao \u0161to su stranice koje se posje\u0107uju, \u0161to se preuzima, naziv domene davatelja pristupa internetu te dr\u017eavu iz koje dolaze na\u0161i posjetitelji, kao i adrese stranica koje se posje\u0107uju odmah prije ili nakon posjeta na\u0161oj web stranici. Me\u0111utim, nijedan dio navedenoga ne povezuje se s vama osobno te se mjeri samo u skupnom obliku.<\/p>\n\n\n\n<p>Ako \u017eelite pretra\u017eivati bez kola\u010di\u0107a, mo\u017eete konfigurirati svoj preglednik tako da odbaci sve kola\u010di\u0107e ili vas obavijesti kad se odre\u0111eni kola\u010di\u0107 postavlja. (Svaki preglednik je razli\u010dit, zato pogledajte izbornik \u201cPomo\u0107\u201d svog preglednika kako biste otkrili kako promijeniti postavke za kola\u010di\u0107.) Va\u0161e iskustvo sa na\u0161im web stranicama mo\u017ee biti druga\u010dije ako prilagodite svoj preglednik da blokira kola\u010di\u0107e.<\/p>\n\n\n\n<p>Ova web stranica mo\u017ee prikupljati IP adrese (broj koji se automatski dodjeljuje va\u0161em ra\u010dunalu kad se koristite internetom) sa svrhom upravljanja sustavima, dijagnoze problema s poslu\u017eiteljem i prikupljanja skupnih informacija (kao \u0161to je koliko se posjetitelja prijavilo na na\u0161e stranice).<\/p>\n\n\n\n<p><strong>Ova stranica omogu\u0107ava mjerenje posje\u0107enosti putem&nbsp;<em>Google Analytics \u2013 servis<\/em>&nbsp;za mjerenje posje\u0107enosti. Ako \u017eelite onemogu\u0107iti spremanje kola\u010di\u0107a od strane ovog servisa, zabranite ih na sljede\u0107em linku: Google Analytics \u2013&nbsp;<a href=\"https:\/\/tools.google.com\/dlpage\/gaoptout\" target=\"_blank\" rel=\"noreferrer noopener\">https:\/\/tools.google.com\/dlpage\/gaoptout<\/a>.<\/strong><\/p>\n\n\n\n<p>Vi\u0161e informacija o tome kako omogu\u0107iti\/onemogu\u0107iti kola\u010di\u0107e:<a href=\"https:\/\/support.google.com\/accounts\/answer\/61416?hl=hr\">&nbsp;ovdje.<\/a><\/p>\n\n\n\n<p><strong>ZA\u0160TITA PODATAKA:<\/strong><\/p>\n\n\n\n<p>Pravila privatnosti i za\u0161tite osobnih podataka kontakt podacima Slu\u017ebenika za za\u0161titu podataka.<br>Dokument \u201cPravila privatnosti i za\u0161tite osobnih podataka\u201c dru\u0161tva (u daljnjem tekstu: Pravila, eng. Privacy policy) odnosi se na usluge i poslovanje Larah, obrta za umjetni\u010dko stvarala\u0161tvo i usluge. Ova Pravila opisuju koje osobne podatke prikupljamo, na koji ih na\u010din obra\u0111ujemo te u koje ih svrhe upotrebljavamo, kao i Va\u0161a prava koja se odnose na te podatke.<\/p>\n\n\n\n<p>Dokument predstavlja okvir na koji na\u010din postupamo sa svim osobnim podacima koje prikupljamo u sklopu svojeg poslovanja, i donesena je kao jedna od organizacijskih mjera za uskla\u0111ivanje sa zahtjevima Uredbe (EU) 2016\/679 Europskog parlamenta i vije\u0107a od 27. travnja 2016. o za\u0161titi pojedinaca u vezi s obradom osobnih podataka i o slobodnom kretanju takvih podataka te o stavljanju izvan snage Direktive 95\/46\/EZ (Op\u0107a uredba o za\u0161titi podataka), (u daljnjem tekstu Uredba).<\/p>\n\n\n\n<p>Ova Pravila privatnosti se ne odnose na tre\u0107e strane, te pru\u017eatelje usluga i dobavlja\u010de. Ako za obradu Va\u0161ih osobnih podataka koristimo vanjske pru\u017eatelje usluga, i ukoliko se tada obra\u0111uju osobni podaci govorimo o obradi (osobnih podataka) po nalogu. I u tom smo slu\u010daju mi kao Voditelj obrade odgovorni za za\u0161titu Va\u0161ih osobnih podataka.<\/p>\n\n\n\n<p>Pravila privatnosti smo kreirali i usvojili jer \u017eelimo osigurati da smo uskla\u0111eni sa zakonskim zahtjevima i jer vodimo brigu o svim na\u0161im korisnicima i posjetiteljima:<br>\u2013 Va\u017ee\u0107e zakonske regulative za za\u0161titu osobnih podataka;<br>\u2013 Za\u0161tite osobnih podataka s kojima dolazimo u kontakt;<br>\u2013 Otvorenost i transparentnost prema svim korisnicima i ispitanicima;<br>\u2013 Smanjenje rizika povrede osobnih podataka;<br>\u2013 Edukacija i informiranja svih na\u0161ih korisnika i ispitanika;<br>\u2013 Pove\u0107anje transparentnosti obrade osobnih podataka<\/p>\n\n\n\n<p>Prema svim podacima kojima pristupamo ili obra\u0111ujemo postupamo sa povjerljivo\u0161\u0107u i svrhom, te najvi\u0161im sigurnosnim standardima.&nbsp;<\/p>\n\n\n\n<p>Za obradu podataka odgovara:<\/p>\n\n\n\n<p>Larah, obrt za umjetni\u010dko stvarala\u0161tvo i usluge, vl. Lara Hu\u0161njak<\/p>\n\n\n\n<p>Sjedi\u0161te: Savska cesta 6, 10000 Zagreb, Republika Hrvatska<\/p>\n\n\n\n<p>OIB: 17533518604<\/p>\n\n\n\n<p>Adresa elektroni\u010dke po\u0161te: info@larah.hr<\/p>\n\n\n\n<p>Transakcijski ra\u010dun: HR5123400091160525547 otvoren u PBZ<\/p>\n","protected":false},"excerpt":{"rendered":"<p>Uvjeti kori\u0161tenja web stranice Dobrodo\u0161li na web stranice larah.hr. Larah.hr Vam omogu\u0107uje kori\u0161tenje sadr\u017eaja ovih web stranica, koje je podlo\u017eno ni\u017ee navedenim uvjetima kori\u0161tenja. Smatra se da ste upoznati s ovim uvjetima i svim rizicima koji nastaju kori\u0161tenjem bilo kojeg dijela web stranica te da prihva\u0107ate koristiti njihov sadr\u017eaj isklju\u010divo za osobnu uporabu i na [&hellip;]<\/p>\n","protected":false},"author":1,"featured_media":0,"parent":0,"menu_order":0,"comment_status":"closed","ping_status":"closed","template":"","meta":{"footnotes":""},"class_list":["post-429","page","type-page","status-publish","hentry"],"yoast_head":"<!-- This site is optimized with the Yoast SEO plugin v26.2 - https:\/\/yoast.com\/wordpress\/plugins\/seo\/ -->\n<title>Pravila kori\u0161tenja\u00a0internetske stranice - Larah<\/title>\n<meta name=\"robots\" content=\"index, follow, max-snippet:-1, max-image-preview:large, max-video-preview:-1\" \/>\n<link rel=\"canonical\" href=\"https:\/\/larah.hr\/index.php\/pravila-koristenja-internetske-stranice\/\" \/>\n<meta property=\"og:locale\" content=\"en_US\" \/>\n<meta property=\"og:type\" content=\"article\" \/>\n<meta property=\"og:title\" content=\"Pravila kori\u0161tenja\u00a0internetske stranice - Larah\" \/>\n<meta property=\"og:description\" content=\"Uvjeti kori\u0161tenja web stranice Dobrodo\u0161li na web stranice larah.hr. Larah.hr Vam omogu\u0107uje kori\u0161tenje sadr\u017eaja ovih web stranica, koje je podlo\u017eno ni\u017ee navedenim uvjetima kori\u0161tenja. Smatra se da ste upoznati s ovim uvjetima i svim rizicima koji nastaju kori\u0161tenjem bilo kojeg dijela web stranica te da prihva\u0107ate koristiti njihov sadr\u017eaj isklju\u010divo za osobnu uporabu i na [&hellip;]\" \/>\n<meta property=\"og:url\" content=\"https:\/\/larah.hr\/index.php\/pravila-koristenja-internetske-stranice\/\" \/>\n<meta property=\"og:site_name\" content=\"Larah\" \/>\n<meta property=\"article:publisher\" content=\"https:\/\/www.facebook.com\/profile.php?id=61555652999610\" \/>\n<meta property=\"article:modified_time\" content=\"2024-11-12T10:54:11+00:00\" \/>\n<meta name=\"twitter:card\" content=\"summary_large_image\" \/>\n<meta name=\"twitter:label1\" content=\"Est. reading time\" \/>\n\t<meta name=\"twitter:data1\" content=\"4 minutes\" \/>\n<script type=\"application\/ld+json\" class=\"yoast-schema-graph\">{\"@context\":\"https:\/\/schema.org\",\"@graph\":[{\"@type\":\"WebPage\",\"@id\":\"https:\/\/larah.hr\/index.php\/pravila-koristenja-internetske-stranice\/\",\"url\":\"https:\/\/larah.hr\/index.php\/pravila-koristenja-internetske-stranice\/\",\"name\":\"Pravila kori\u0161tenja\u00a0internetske stranice - Larah\",\"isPartOf\":{\"@id\":\"https:\/\/larah.hr\/#website\"},\"datePublished\":\"2024-10-28T15:57:59+00:00\",\"dateModified\":\"2024-11-12T10:54:11+00:00\",\"breadcrumb\":{\"@id\":\"https:\/\/larah.hr\/index.php\/pravila-koristenja-internetske-stranice\/#breadcrumb\"},\"inLanguage\":\"en-US\",\"potentialAction\":[{\"@type\":\"ReadAction\",\"target\":[\"https:\/\/larah.hr\/index.php\/pravila-koristenja-internetske-stranice\/\"]}]},{\"@type\":\"BreadcrumbList\",\"@id\":\"https:\/\/larah.hr\/index.php\/pravila-koristenja-internetske-stranice\/#breadcrumb\",\"itemListElement\":[{\"@type\":\"ListItem\",\"position\":1,\"name\":\"Home\",\"item\":\"https:\/\/larah.hr\/\"},{\"@type\":\"ListItem\",\"position\":2,\"name\":\"Pravila kori\u0161tenja\u00a0internetske stranice\"}]},{\"@type\":\"WebSite\",\"@id\":\"https:\/\/larah.hr\/#website\",\"url\":\"https:\/\/larah.hr\/\",\"name\":\"Larah\",\"description\":\"Grupna i individualna podr\u0161ka za djecu i odrasle.\",\"publisher\":{\"@id\":\"https:\/\/larah.hr\/#organization\"},\"potentialAction\":[{\"@type\":\"SearchAction\",\"target\":{\"@type\":\"EntryPoint\",\"urlTemplate\":\"https:\/\/larah.hr\/?s={search_term_string}\"},\"query-input\":{\"@type\":\"PropertyValueSpecification\",\"valueRequired\":true,\"valueName\":\"search_term_string\"}}],\"inLanguage\":\"en-US\"},{\"@type\":\"Organization\",\"@id\":\"https:\/\/larah.hr\/#organization\",\"name\":\"Larah\",\"url\":\"https:\/\/larah.hr\/\",\"logo\":{\"@type\":\"ImageObject\",\"inLanguage\":\"en-US\",\"@id\":\"https:\/\/larah.hr\/#\/schema\/logo\/image\/\",\"url\":\"https:\/\/larah.hr\/wp-content\/uploads\/2024\/07\/Screenshot-2024-07-30-at-15.35.21.png\",\"contentUrl\":\"https:\/\/larah.hr\/wp-content\/uploads\/2024\/07\/Screenshot-2024-07-30-at-15.35.21.png\",\"width\":420,\"height\":386,\"caption\":\"Larah\"},\"image\":{\"@id\":\"https:\/\/larah.hr\/#\/schema\/logo\/image\/\"},\"sameAs\":[\"https:\/\/www.facebook.com\/profile.php?id=61555652999610\"]}]}<\/script>\n<!-- \/ Yoast SEO plugin. -->","yoast_head_json":{"title":"Pravila kori\u0161tenja\u00a0internetske stranice - Larah","robots":{"index":"index","follow":"follow","max-snippet":"max-snippet:-1","max-image-preview":"max-image-preview:large","max-video-preview":"max-video-preview:-1"},"canonical":"https:\/\/larah.hr\/index.php\/pravila-koristenja-internetske-stranice\/","og_locale":"en_US","og_type":"article","og_title":"Pravila kori\u0161tenja\u00a0internetske stranice - Larah","og_description":"Uvjeti kori\u0161tenja web stranice Dobrodo\u0161li na web stranice larah.hr. Larah.hr Vam omogu\u0107uje kori\u0161tenje sadr\u017eaja ovih web stranica, koje je podlo\u017eno ni\u017ee navedenim uvjetima kori\u0161tenja. Smatra se da ste upoznati s ovim uvjetima i svim rizicima koji nastaju kori\u0161tenjem bilo kojeg dijela web stranica te da prihva\u0107ate koristiti njihov sadr\u017eaj isklju\u010divo za osobnu uporabu i na [&hellip;]","og_url":"https:\/\/larah.hr\/index.php\/pravila-koristenja-internetske-stranice\/","og_site_name":"Larah","article_publisher":"https:\/\/www.facebook.com\/profile.php?id=61555652999610","article_modified_time":"2024-11-12T10:54:11+00:00","twitter_card":"summary_large_image","twitter_misc":{"Est. reading time":"4 minutes"},"schema":{"@context":"https:\/\/schema.org","@graph":[{"@type":"WebPage","@id":"https:\/\/larah.hr\/index.php\/pravila-koristenja-internetske-stranice\/","url":"https:\/\/larah.hr\/index.php\/pravila-koristenja-internetske-stranice\/","name":"Pravila kori\u0161tenja\u00a0internetske stranice - Larah","isPartOf":{"@id":"https:\/\/larah.hr\/#website"},"datePublished":"2024-10-28T15:57:59+00:00","dateModified":"2024-11-12T10:54:11+00:00","breadcrumb":{"@id":"https:\/\/larah.hr\/index.php\/pravila-koristenja-internetske-stranice\/#breadcrumb"},"inLanguage":"en-US","potentialAction":[{"@type":"ReadAction","target":["https:\/\/larah.hr\/index.php\/pravila-koristenja-internetske-stranice\/"]}]},{"@type":"BreadcrumbList","@id":"https:\/\/larah.hr\/index.php\/pravila-koristenja-internetske-stranice\/#breadcrumb","itemListElement":[{"@type":"ListItem","position":1,"name":"Home","item":"https:\/\/larah.hr\/"},{"@type":"ListItem","position":2,"name":"Pravila kori\u0161tenja\u00a0internetske stranice"}]},{"@type":"WebSite","@id":"https:\/\/larah.hr\/#website","url":"https:\/\/larah.hr\/","name":"Larah","description":"Grupna i individualna podr\u0161ka za djecu i odrasle.","publisher":{"@id":"https:\/\/larah.hr\/#organization"},"potentialAction":[{"@type":"SearchAction","target":{"@type":"EntryPoint","urlTemplate":"https:\/\/larah.hr\/?s={search_term_string}"},"query-input":{"@type":"PropertyValueSpecification","valueRequired":true,"valueName":"search_term_string"}}],"inLanguage":"en-US"},{"@type":"Organization","@id":"https:\/\/larah.hr\/#organization","name":"Larah","url":"https:\/\/larah.hr\/","logo":{"@type":"ImageObject","inLanguage":"en-US","@id":"https:\/\/larah.hr\/#\/schema\/logo\/image\/","url":"https:\/\/larah.hr\/wp-content\/uploads\/2024\/07\/Screenshot-2024-07-30-at-15.35.21.png","contentUrl":"https:\/\/larah.hr\/wp-content\/uploads\/2024\/07\/Screenshot-2024-07-30-at-15.35.21.png","width":420,"height":386,"caption":"Larah"},"image":{"@id":"https:\/\/larah.hr\/#\/schema\/logo\/image\/"},"sameAs":["https:\/\/www.facebook.com\/profile.php?id=61555652999610"]}]}},"_links":{"self":[{"href":"https:\/\/larah.hr\/index.php\/wp-json\/wp\/v2\/pages\/429","targetHints":{"allow":["GET"]}}],"collection":[{"href":"https:\/\/larah.hr\/index.php\/wp-json\/wp\/v2\/pages"}],"about":[{"href":"https:\/\/larah.hr\/index.php\/wp-json\/wp\/v2\/types\/page"}],"author":[{"embeddable":true,"href":"https:\/\/larah.hr\/index.php\/wp-json\/wp\/v2\/users\/1"}],"replies":[{"embeddable":true,"href":"https:\/\/larah.hr\/index.php\/wp-json\/wp\/v2\/comments?post=429"}],"version-history":[{"count":5,"href":"https:\/\/larah.hr\/index.php\/wp-json\/wp\/v2\/pages\/429\/revisions"}],"predecessor-version":[{"id":716,"href":"https:\/\/larah.hr\/index.php\/wp-json\/wp\/v2\/pages\/429\/revisions\/716"}],"wp:attachment":[{"href":"https:\/\/larah.hr\/index.php\/wp-json\/wp\/v2\/media?parent=429"}],"curies":[{"name":"wp","href":"https:\/\/api.w.org\/{rel}","templated":true}]}}