{"id":431,"date":"2024-10-28T15:58:42","date_gmt":"2024-10-28T15:58:42","guid":{"rendered":"https:\/\/larah.hr\/?page_id=431"},"modified":"2024-11-03T19:04:57","modified_gmt":"2024-11-03T19:04:57","slug":"politika-privatnosti","status":"publish","type":"page","link":"https:\/\/larah.hr\/index.php\/politika-privatnosti\/","title":{"rendered":"Politika privatnosti"},"content":{"rendered":"\n<p><strong>Izjava o sigurnosti i privatnosti: za\u0161tita i obrada osobnih podataka<\/strong><br><strong>LARAH, OBRT ZA UMJETNIC\u030cKO STVARALAS\u030cTVO I USLUGE, VL. LARA HUS\u030cNJAK, ZAGREB, SAVSKA CESTA 6, OIB:17533518604<br><\/strong><\/p>\n\n\n\n<p>U ovoj Izjavi o sigurnosti i privatnosti obja\u0161njavamo koje podatke prikupljamo, na koji na\u010din ih obra\u0111ujemo te kako ih koristimo i \u010duvamo, te na \u0161to se obvezujemo.<br>\u200b<br>Obvezujemo se po\u0161tivati privatnost na\u0161ih korisnika i klijenata. Svjesni smo da mo\u017eemo prikupljati osobne podatke korisnika na\u0161ih usluga samo ako iste korisnik dobrovoljno ostavi. Obvezujemo se i da podatke koristimo isklju\u010divo u svrhu \u0161to boljeg uvida i razumijevanja pojedina\u010dnih potreba i zahtjeva na\u0161ih korisnika kao i razvijanja mogu\u0107nosti \u0161to kvalitetnijeg pru\u017eanja svih na\u0161ih usluga. Tako\u0111er, obvezujemo se da osobne podatke na\u0161ih korisnika koristimo zakonito, po\u0161teno i transparentno, \u0161tite\u0107i pri tome sigurnost tih istih podataka od neovla\u0161tene ili nezakonite obrade. Obvezujemo se da navedene podatke ne\u0107emo u\u010diniti dostupnim bilo kojoj tre\u0107oj strani bez izri\u010ditog pristanka na\u0161ih korisnika. Tako\u0111er nagla\u0161avamo da smo ovla\u0161teni na zahtjev tijela dr\u017eavne vlasti dostaviti podatke o korisnicima neovisno o odredbama u ovoj Izjavi o sigurnosti i privatnosti.<br>\u200b<br><strong>Prikupljanje i obrada osobnih podataka<\/strong><br>Osobnim podacima smatraju se oni podaci koji Vas identificiraju (poput imena, spola, adrese, e-maila ili po\u0161tanske adrese i dr.). Obrt Larah ne prikuplja Va\u0161e osobne podatke osim u slu\u010daju kada ste nam ih Vi izri\u010dito u\u010dinili dostupnima (npr. prijava za dobivanje newsletter-a, ugovori koji se potpisuju na po\u010detku kori\u0161tenja na\u0161ih usluga \u2013 terapija, edukacija, ispunjavanjem pristupnica za edukacije ili nekog drugog razloga), \u010dime pristajete odnosno dajete izri\u010ditu privolu na njihovo kori\u0161tenje u ni\u017ee navedene svrhe.<br>\u200b<br><strong>Kori\u0161tenje i otkrivanje odnosno prijenos osobnih podataka<\/strong><br>Obrt Larah koristit \u0107e Va\u0161e osobne podatke samo za potrebe \u0161to kvalitetnijeg pru\u017eanja svih na\u0161ih usluga (savjetovanja, edukacija), radi izrade zakonski ispravnih ra\u010duna te dostave op\u0107ih i individualiziranih ponuda, s ciljem da Vam se omogu\u0107i pristup posebnim informacijama te za potrebe komunikacije s Vama kao na\u0161im korisnicima i klijentima.<br>\u200b<br><strong>Kako prikupljamo osobne podatke na\u0161ih korisnika i koja je svrha toga<\/strong><br>Mo\u017eemo prikupiti, obraditi i koristiti podatke na\u0161ih korisnika u idu\u0107im situacijama:<br>(a) putem prijave na na\u0161 newsletter;<br>(b) podatke koje dobijemo kada nas korisnici kontaktiraju putem kontakt obrasca, e-mail adrese ili telefonskih poziva radi na\u0161ih usluga;<br>(c) osobnim dolaskom korisnika u prostor radi kori\u0161tenja na\u0161ih usluga;<br>(d) prilikom izdavanja zakonski ispravnih transakcijskih ra\u010duna korisnicima na\u0161ih usluga;<br>(e) prilikom ispunjavanja pristupnica za edukacije te ispunjenja i sklapanja ugovora izme\u0111u klijenata \u2013 korisnika i obrta Larah prije po\u010detka izvr\u0161avanja nekih od na\u0161ih usluga te<br>(f) prilikom ispunjavanja evaluacijskih upitnika nakon zavr\u0161etka na\u0161ih edukacija ili radionica.<\/p>\n\n\n\n<p><strong>Newsletter<\/strong><br>Ako ste dali izri\u010ditu privolu za primanje Newslettera, nastavit \u0107emo Vam ga slati. Podatke koje ste nam dostavili kako biste se pretplatili na Newsletter koristit \u0107e se samo za slanje Newslettera. Ako \u017eelite odustati od pretplate na Newsletter, to mo\u017eete u\u010diniti u bilo kojem trenutku putem opcije otkazivanja pretplate na e-mail adresu:\u00a0info@larah.hr. U slu\u010daju otkazivanja pretplate, osobne podatke koje smo prikupili u tu svrhu izbrisat \u0107emo iz na\u0161e baze podataka.<br>\u200b<br><strong>Prava korisnika i \u010duvanje podatka<\/strong><br>Korisnik odlu\u010duje koje podatke o sebi \u010dini dostupnim. U slu\u010daju promjene bilo kojeg Va\u0161eg osobnog podatka molimo Vas da o promjenama obavijestite na e-mail:\u00a0info@larah.hr\u00a0kako bismo ispravili ili a\u017eurirali Va\u0161e osobne podatke.<br>Ovim putem Vas obavje\u0161tavamo kako imate pravo povu\u0107i danu privolu u bilo kojem trenutku u cijelosti ili djelomi\u010dno, tako da se obavijesti na e-mail adresu:\u00a0info@larah.hr\u00a0u pisanom ili elektroni\u010dkom obliku. Osim prava na povla\u010denje privole korisnici, u skladu s va\u017ee\u0107im propisima o za\u0161titi podataka, imaju pravo na pristup i potvrdu od obrta Larah u vezi s osobnim podacima, pravo na ispravak, pravo brisanja te pravo na prigovor. Tako\u0111er, korisnici imaju pravo podnijeti pritu\u017ebu nadzornom tijelu za za\u0161titu podataka.<br>Obrt Larah osobne podatke \u010duva samo onoliko dugo koliko je potrebno u svrhe radi kojih se osobni podaci obra\u0111uju. Iznimno, osobni podaci mogu se pohraniti i na dulja razdoblja, ali samo ako \u0107e se isti obra\u0111ivati isklju\u010divo u svrhe zdravstvenog stanja korisnika na\u0161ih usluga.<br>Obrt Larah \u0107e osobne podatke koristiti samo u vremenu koje je nu\u017eno za ostvarenje odre\u0111ene svrhe, osim ako Op\u0107om uredbom o za\u0161titi podataka i\/ili posebnim propisima RH ili EU nije odre\u0111eno du\u017ee razdoblje, a protekom navedenog vremena \u0107e se osobne podatke brisati.<br>\u200b<br><strong>Podru\u010dja na koja se odnosi ova Izjava<\/strong><br>Ova Izjava odnosi se na:<br>web stanicu &#8220;Larah&#8221; <a href=\"https:\/\/larah.hr\/\">(https:\/\/larah.hr\/)<\/a>,<br>Facebook stranicu &#8220;Larah&#8221; <a href=\"https:\/\/www.facebook.com\/profile.php?id=61555652999610\">(https:\/\/www.facebook.com\/profile.php?id=61555652999610)<\/a><br>Instagram stranicu &#8220;Larah&#8221;<a href=\"https:\/\/www.instagram.com\/lara_husnjak\/?igsh=MTFmYXpxbGZoM2pz#\">(https:\/\/www.instagram.com\/lara_husnjak\/?igsh=MTFmYXpxbGZoM2pz#)<\/a><br><br>te poslovanje u sjedi\u0161tu (Savska cesta 6, 10000 Zagreb)<br>Jo\u0161 jednom nagla\u0161avamo da u bilo kojem trenutku na\u0161i korisnici mogu zatra\u017eiti prekid na\u0161ih usluga te brisanje svojih podataka, osim ako to nije druga\u010dije zakonski regulirano.<br>\u200b<br><strong>Obavijest o promjenama i kontakt<\/strong><br>Svaka promjena na\u0161e politike za\u0161tite privatnosti bit \u0107e objavljena uz ovu Izjavu na na\u0161oj web stranici i drugim mjestima za koje se smatra da su za to prikladna.<br>\u200b<br>Ako imate bilo kakvih pitanja vezanih uz izjavu o za\u0161titi privatnosti molimo Vas da nas kontaktirate na e-mail:\u00a0info@larah.hr<br>\u200b<br>Voditelj obrade : Larah, obrt za umjetni\u010dko stvarala\u0161tvo i usluge, odgovorna osoba: Lara Hu\u0161njak, info@larah.hr<br>Slu\u017ebenik za za\u0161titu i obradu podataka: Lara Hu\u0161njak<\/p>\n\n\n\n<p>Ova Izjava primjenjuje se od 03.11.2024. godine.<br>Zadnja izmjena: 03.11.2024. godine.<\/p>\n","protected":false},"excerpt":{"rendered":"<p>Izjava o sigurnosti i privatnosti: za\u0161tita i obrada osobnih podatakaLARAH, OBRT ZA UMJETNIC\u030cKO STVARALAS\u030cTVO I USLUGE, VL. LARA HUS\u030cNJAK, ZAGREB, SAVSKA CESTA 6, OIB:17533518604 U ovoj Izjavi o sigurnosti i privatnosti obja\u0161njavamo koje podatke prikupljamo, na koji na\u010din ih obra\u0111ujemo te kako ih koristimo i \u010duvamo, te na \u0161to se obvezujemo.\u200bObvezujemo se po\u0161tivati privatnost na\u0161ih [&hellip;]<\/p>\n","protected":false},"author":1,"featured_media":0,"parent":0,"menu_order":0,"comment_status":"closed","ping_status":"closed","template":"","meta":{"footnotes":""},"class_list":["post-431","page","type-page","status-publish","hentry"],"yoast_head":"<!-- This site is optimized with the Yoast SEO plugin v26.2 - https:\/\/yoast.com\/wordpress\/plugins\/seo\/ -->\n<title>Politika privatnosti - Larah<\/title>\n<meta name=\"robots\" content=\"index, follow, max-snippet:-1, max-image-preview:large, max-video-preview:-1\" \/>\n<link rel=\"canonical\" href=\"https:\/\/larah.hr\/index.php\/politika-privatnosti\/\" \/>\n<meta property=\"og:locale\" content=\"en_US\" \/>\n<meta property=\"og:type\" content=\"article\" \/>\n<meta property=\"og:title\" content=\"Politika privatnosti - Larah\" \/>\n<meta property=\"og:description\" content=\"Izjava o sigurnosti i privatnosti: za\u0161tita i obrada osobnih podatakaLARAH, OBRT ZA UMJETNIC\u030cKO STVARALAS\u030cTVO I USLUGE, VL. LARA HUS\u030cNJAK, ZAGREB, SAVSKA CESTA 6, OIB:17533518604 U ovoj Izjavi o sigurnosti i privatnosti obja\u0161njavamo koje podatke prikupljamo, na koji na\u010din ih obra\u0111ujemo te kako ih koristimo i \u010duvamo, te na \u0161to se obvezujemo.\u200bObvezujemo se po\u0161tivati privatnost na\u0161ih [&hellip;]\" \/>\n<meta property=\"og:url\" content=\"https:\/\/larah.hr\/index.php\/politika-privatnosti\/\" \/>\n<meta property=\"og:site_name\" content=\"Larah\" \/>\n<meta property=\"article:publisher\" content=\"https:\/\/www.facebook.com\/profile.php?id=61555652999610\" \/>\n<meta property=\"article:modified_time\" content=\"2024-11-03T19:04:57+00:00\" \/>\n<meta name=\"twitter:card\" content=\"summary_large_image\" \/>\n<meta name=\"twitter:label1\" content=\"Est. reading time\" \/>\n\t<meta name=\"twitter:data1\" content=\"5 minutes\" \/>\n<script type=\"application\/ld+json\" class=\"yoast-schema-graph\">{\"@context\":\"https:\/\/schema.org\",\"@graph\":[{\"@type\":\"WebPage\",\"@id\":\"https:\/\/larah.hr\/index.php\/politika-privatnosti\/\",\"url\":\"https:\/\/larah.hr\/index.php\/politika-privatnosti\/\",\"name\":\"Politika privatnosti - Larah\",\"isPartOf\":{\"@id\":\"https:\/\/larah.hr\/#website\"},\"datePublished\":\"2024-10-28T15:58:42+00:00\",\"dateModified\":\"2024-11-03T19:04:57+00:00\",\"breadcrumb\":{\"@id\":\"https:\/\/larah.hr\/index.php\/politika-privatnosti\/#breadcrumb\"},\"inLanguage\":\"en-US\",\"potentialAction\":[{\"@type\":\"ReadAction\",\"target\":[\"https:\/\/larah.hr\/index.php\/politika-privatnosti\/\"]}]},{\"@type\":\"BreadcrumbList\",\"@id\":\"https:\/\/larah.hr\/index.php\/politika-privatnosti\/#breadcrumb\",\"itemListElement\":[{\"@type\":\"ListItem\",\"position\":1,\"name\":\"Home\",\"item\":\"https:\/\/larah.hr\/\"},{\"@type\":\"ListItem\",\"position\":2,\"name\":\"Politika privatnosti\"}]},{\"@type\":\"WebSite\",\"@id\":\"https:\/\/larah.hr\/#website\",\"url\":\"https:\/\/larah.hr\/\",\"name\":\"Larah\",\"description\":\"Grupna i individualna podr\u0161ka za djecu i odrasle.\",\"publisher\":{\"@id\":\"https:\/\/larah.hr\/#organization\"},\"potentialAction\":[{\"@type\":\"SearchAction\",\"target\":{\"@type\":\"EntryPoint\",\"urlTemplate\":\"https:\/\/larah.hr\/?s={search_term_string}\"},\"query-input\":{\"@type\":\"PropertyValueSpecification\",\"valueRequired\":true,\"valueName\":\"search_term_string\"}}],\"inLanguage\":\"en-US\"},{\"@type\":\"Organization\",\"@id\":\"https:\/\/larah.hr\/#organization\",\"name\":\"Larah\",\"url\":\"https:\/\/larah.hr\/\",\"logo\":{\"@type\":\"ImageObject\",\"inLanguage\":\"en-US\",\"@id\":\"https:\/\/larah.hr\/#\/schema\/logo\/image\/\",\"url\":\"https:\/\/larah.hr\/wp-content\/uploads\/2024\/07\/Screenshot-2024-07-30-at-15.35.21.png\",\"contentUrl\":\"https:\/\/larah.hr\/wp-content\/uploads\/2024\/07\/Screenshot-2024-07-30-at-15.35.21.png\",\"width\":420,\"height\":386,\"caption\":\"Larah\"},\"image\":{\"@id\":\"https:\/\/larah.hr\/#\/schema\/logo\/image\/\"},\"sameAs\":[\"https:\/\/www.facebook.com\/profile.php?id=61555652999610\"]}]}<\/script>\n<!-- \/ Yoast SEO plugin. -->","yoast_head_json":{"title":"Politika privatnosti - Larah","robots":{"index":"index","follow":"follow","max-snippet":"max-snippet:-1","max-image-preview":"max-image-preview:large","max-video-preview":"max-video-preview:-1"},"canonical":"https:\/\/larah.hr\/index.php\/politika-privatnosti\/","og_locale":"en_US","og_type":"article","og_title":"Politika privatnosti - Larah","og_description":"Izjava o sigurnosti i privatnosti: za\u0161tita i obrada osobnih podatakaLARAH, OBRT ZA UMJETNIC\u030cKO STVARALAS\u030cTVO I USLUGE, VL. LARA HUS\u030cNJAK, ZAGREB, SAVSKA CESTA 6, OIB:17533518604 U ovoj Izjavi o sigurnosti i privatnosti obja\u0161njavamo koje podatke prikupljamo, na koji na\u010din ih obra\u0111ujemo te kako ih koristimo i \u010duvamo, te na \u0161to se obvezujemo.\u200bObvezujemo se po\u0161tivati privatnost na\u0161ih [&hellip;]","og_url":"https:\/\/larah.hr\/index.php\/politika-privatnosti\/","og_site_name":"Larah","article_publisher":"https:\/\/www.facebook.com\/profile.php?id=61555652999610","article_modified_time":"2024-11-03T19:04:57+00:00","twitter_card":"summary_large_image","twitter_misc":{"Est. reading time":"5 minutes"},"schema":{"@context":"https:\/\/schema.org","@graph":[{"@type":"WebPage","@id":"https:\/\/larah.hr\/index.php\/politika-privatnosti\/","url":"https:\/\/larah.hr\/index.php\/politika-privatnosti\/","name":"Politika privatnosti - Larah","isPartOf":{"@id":"https:\/\/larah.hr\/#website"},"datePublished":"2024-10-28T15:58:42+00:00","dateModified":"2024-11-03T19:04:57+00:00","breadcrumb":{"@id":"https:\/\/larah.hr\/index.php\/politika-privatnosti\/#breadcrumb"},"inLanguage":"en-US","potentialAction":[{"@type":"ReadAction","target":["https:\/\/larah.hr\/index.php\/politika-privatnosti\/"]}]},{"@type":"BreadcrumbList","@id":"https:\/\/larah.hr\/index.php\/politika-privatnosti\/#breadcrumb","itemListElement":[{"@type":"ListItem","position":1,"name":"Home","item":"https:\/\/larah.hr\/"},{"@type":"ListItem","position":2,"name":"Politika privatnosti"}]},{"@type":"WebSite","@id":"https:\/\/larah.hr\/#website","url":"https:\/\/larah.hr\/","name":"Larah","description":"Grupna i individualna podr\u0161ka za djecu i odrasle.","publisher":{"@id":"https:\/\/larah.hr\/#organization"},"potentialAction":[{"@type":"SearchAction","target":{"@type":"EntryPoint","urlTemplate":"https:\/\/larah.hr\/?s={search_term_string}"},"query-input":{"@type":"PropertyValueSpecification","valueRequired":true,"valueName":"search_term_string"}}],"inLanguage":"en-US"},{"@type":"Organization","@id":"https:\/\/larah.hr\/#organization","name":"Larah","url":"https:\/\/larah.hr\/","logo":{"@type":"ImageObject","inLanguage":"en-US","@id":"https:\/\/larah.hr\/#\/schema\/logo\/image\/","url":"https:\/\/larah.hr\/wp-content\/uploads\/2024\/07\/Screenshot-2024-07-30-at-15.35.21.png","contentUrl":"https:\/\/larah.hr\/wp-content\/uploads\/2024\/07\/Screenshot-2024-07-30-at-15.35.21.png","width":420,"height":386,"caption":"Larah"},"image":{"@id":"https:\/\/larah.hr\/#\/schema\/logo\/image\/"},"sameAs":["https:\/\/www.facebook.com\/profile.php?id=61555652999610"]}]}},"_links":{"self":[{"href":"https:\/\/larah.hr\/index.php\/wp-json\/wp\/v2\/pages\/431","targetHints":{"allow":["GET"]}}],"collection":[{"href":"https:\/\/larah.hr\/index.php\/wp-json\/wp\/v2\/pages"}],"about":[{"href":"https:\/\/larah.hr\/index.php\/wp-json\/wp\/v2\/types\/page"}],"author":[{"embeddable":true,"href":"https:\/\/larah.hr\/index.php\/wp-json\/wp\/v2\/users\/1"}],"replies":[{"embeddable":true,"href":"https:\/\/larah.hr\/index.php\/wp-json\/wp\/v2\/comments?post=431"}],"version-history":[{"count":3,"href":"https:\/\/larah.hr\/index.php\/wp-json\/wp\/v2\/pages\/431\/revisions"}],"predecessor-version":[{"id":596,"href":"https:\/\/larah.hr\/index.php\/wp-json\/wp\/v2\/pages\/431\/revisions\/596"}],"wp:attachment":[{"href":"https:\/\/larah.hr\/index.php\/wp-json\/wp\/v2\/media?parent=431"}],"curies":[{"name":"wp","href":"https:\/\/api.w.org\/{rel}","templated":true}]}}