{"id":489,"date":"2024-10-29T15:46:08","date_gmt":"2024-10-29T15:46:08","guid":{"rendered":"https:\/\/larah.hr\/?page_id=489"},"modified":"2024-11-15T16:49:59","modified_gmt":"2024-11-15T16:49:59","slug":"terapija-igrom","status":"publish","type":"page","link":"https:\/\/larah.hr\/index.php\/terapija-igrom\/","title":{"rendered":"Terapija igrom"},"content":{"rendered":"\n<p>Namijenjena je djeci od 3 do 12 godina.<\/p>\n\n\n\n<p>Djeca kroz igru lak\u0161e komuniciraju i izra\u017eavaju svoje misli, osje\u0107aje i potrebe. Terapija igrom slu\u017ei kao metoda putem koje djeca mogu lak\u0161e razumjeti doga\u0111aje koje prolaze u vanjskom svijetu.<\/p>\n\n\n\n<p>Igraju\u0107i se dijete pokazuje ono \u0161to ne razumije ili ga uznemiruje. Uz podr\u0161ku terapeuta igra mo\u017ee imati iscjeljuju\u0107u mo\u0107 za dijete koje se na taj na\u010din ima priliku izraziti i pro\u0107i kroz razli\u010dita emocionalna stanja.<\/p>\n\n\n\n<figure class=\"wp-block-gallery has-nested-images columns-default is-cropped wp-block-gallery-4 is-layout-flex wp-block-gallery-is-layout-flex\">\n<figure class=\"wp-block-image size-large wp-duotone-unset-1\"><img loading=\"lazy\" decoding=\"async\" width=\"1024\" height=\"768\" data-id=\"519\" src=\"https:\/\/larah.hr\/wp-content\/uploads\/2024\/10\/tesa-i-ja-1-1024x768.jpg\" alt=\"\" class=\"wp-image-519\" srcset=\"https:\/\/larah.hr\/wp-content\/uploads\/2024\/10\/tesa-i-ja-1-1024x768.jpg 1024w, https:\/\/larah.hr\/wp-content\/uploads\/2024\/10\/tesa-i-ja-1-300x225.jpg 300w, https:\/\/larah.hr\/wp-content\/uploads\/2024\/10\/tesa-i-ja-1-768x576.jpg 768w, https:\/\/larah.hr\/wp-content\/uploads\/2024\/10\/tesa-i-ja-1-1536x1152.jpg 1536w, https:\/\/larah.hr\/wp-content\/uploads\/2024\/10\/tesa-i-ja-1-2048x1536.jpg 2048w\" sizes=\"auto, (max-width: 1024px) 100vw, 1024px\" \/><\/figure>\n\n\n\n<figure class=\"wp-block-image size-large wp-duotone-unset-2\"><img loading=\"lazy\" decoding=\"async\" width=\"768\" height=\"1024\" data-id=\"518\" src=\"https:\/\/larah.hr\/wp-content\/uploads\/2024\/10\/l-i-t-duplo2-768x1024.jpg\" alt=\"\" class=\"wp-image-518\" srcset=\"https:\/\/larah.hr\/wp-content\/uploads\/2024\/10\/l-i-t-duplo2-768x1024.jpg 768w, https:\/\/larah.hr\/wp-content\/uploads\/2024\/10\/l-i-t-duplo2-225x300.jpg 225w, https:\/\/larah.hr\/wp-content\/uploads\/2024\/10\/l-i-t-duplo2-1152x1536.jpg 1152w, https:\/\/larah.hr\/wp-content\/uploads\/2024\/10\/l-i-t-duplo2.jpg 1200w\" sizes=\"auto, (max-width: 768px) 100vw, 768px\" \/><\/figure>\n\n\n\n<figure class=\"wp-block-image size-large wp-duotone-unset-3\"><img loading=\"lazy\" decoding=\"async\" width=\"1024\" height=\"1024\" data-id=\"516\" src=\"https:\/\/larah.hr\/wp-content\/uploads\/2024\/11\/l-i-t-i-kocka-edited-1024x1024.jpg\" alt=\"\" class=\"wp-image-516\" srcset=\"https:\/\/larah.hr\/wp-content\/uploads\/2024\/11\/l-i-t-i-kocka-edited-1024x1024.jpg 1024w, https:\/\/larah.hr\/wp-content\/uploads\/2024\/11\/l-i-t-i-kocka-edited-300x300.jpg 300w, https:\/\/larah.hr\/wp-content\/uploads\/2024\/11\/l-i-t-i-kocka-edited-150x150.jpg 150w, https:\/\/larah.hr\/wp-content\/uploads\/2024\/11\/l-i-t-i-kocka-edited-768x768.jpg 768w, https:\/\/larah.hr\/wp-content\/uploads\/2024\/11\/l-i-t-i-kocka-edited-1536x1536.jpg 1536w, https:\/\/larah.hr\/wp-content\/uploads\/2024\/11\/l-i-t-i-kocka-edited-2048x2048.jpg 2048w\" sizes=\"auto, (max-width: 1024px) 100vw, 1024px\" \/><\/figure>\n<\/figure>\n\n\n\n<h2 class=\"wp-block-heading\">Na\u010din provo\u0111enja Terapije igrom<\/h2>\n\n\n\n<h4 class=\"wp-block-heading\">Informativni razgovor s roditeljima<\/h4>\n\n\n\n<p>Prvi susret je informativni razgovor na kojem sudjeluju samo roditelji. <\/p>\n\n\n\n<p>Kroz razgovor terapeut \u0107e pa\u017eljivo saslu\u0161ati roditelje i motivaciju dolaska.  Razgovarat \u0107emo o djetetovom dosada\u0161njem razvoju, obiteljskoj dinamici i djetetovoj okolini te razmijeniti druge potrebne informacije o djetetu kako bismo zajedno istra\u017eili je li individualna Terapija igrom prikladna za va\u0161e dijete. Nakon toga razgovaramo o tome kako pripremiti va\u0161e dijete za prvi dolazak na opservaciju igre.<\/p>\n\n\n\n<h4 class=\"wp-block-heading\">Opservacija obiteljske igre<\/h4>\n\n\n\n<p>Na drugi susret dolazi dijete s obitelji. Naj\u010de\u0161\u0107e dolaze oba roditelja i sva djeca. U prvom dijelu susreta terapeut promatra obiteljsku igru i prikuplja informacije o obiteljskoj dinamici. Nakon opservacije, naj\u010de\u0161\u0107e jedan roditelj ostaje s djecom, a kroz kratku konzultaciju s drugim roditeljem terapeut predla\u017ee plan rada i ciljeve terapije za dijete i za roditelje. Dogovara se sljede\u0107i susret terapeuta i djeteta i dinamika dolaska.<\/p>\n\n\n\n<h4 class=\"wp-block-heading\">Igra terapeuta i djeteta<\/h4>\n\n\n\n<p>Nakon obiteljske opservacije sljede\u0107ih nekoliko termina susreta \u010dini igra terapeuta i djeteta. <\/p>\n\n\n\n<p>U po\u010detku se terapeut upoznaje s djetetom i njegovim unutarnjim svijetom nakon \u010dega, uz razli\u010dite tehnike i alate, pru\u017ea podr\u0161ku djetetu kako bi se postigao dogovoreni cilj tretmana. \u017delimo podr\u017eati dijete u razvoju pozitivne slike o sebi i osigurati djetetu siguran prostor u kojem mo\u017ee dobiti podr\u0161ku za izra\u017eavanje svojih potreba i emocija.<\/p>\n\n\n\n<p> U terapiji igrom koristimo igra\u010dke i djetetovu igru kao na\u010din komunikacije i podr\u0161ke u proradi emocija. Kroz razli\u010ditu igru, crtanje, modeliranje ili druge kreativne alate poti\u010demo dijete da se izrazi.<\/p>\n\n\n\n<h4 class=\"wp-block-heading\">Psihoedukativni i savjetodavni rad s roditeljima<\/h4>\n\n\n\n<p>Nakon nekoliko susreta s djetetom, kroz savjetodavni rad i psihoedukaciju radimo na ja\u010danju Va\u0161ih roditeljskih vje\u0161tina, osvr\u0107emo se na dogovorene ciljeve terapije za Va\u0161e dijete i Vas.<\/p>\n\n\n\n<p>Informativni razgovor s roditeljima i psihoedukativni i savjetodavni rad s roditeljima mo\u017ee biti online ili u\u017eivo. <br>Opservacijska igra i susreti terapeuta s djetetom su isklju\u010divo u\u017eivo.<\/p>\n\n\n\n<figure class=\"wp-block-gallery has-nested-images columns-default is-cropped wp-block-gallery-7 is-layout-flex wp-block-gallery-is-layout-flex\">\n<figure class=\"wp-block-image size-large wp-duotone-unset-5\"><img loading=\"lazy\" decoding=\"async\" width=\"1024\" height=\"746\" data-id=\"513\" src=\"https:\/\/larah.hr\/wp-content\/uploads\/2024\/10\/tesa-i-ja-i-dz\u030cep-1024x746.jpg\" alt=\"\" class=\"wp-image-513\" srcset=\"https:\/\/larah.hr\/wp-content\/uploads\/2024\/10\/tesa-i-ja-i-dz\u030cep-1024x746.jpg 1024w, https:\/\/larah.hr\/wp-content\/uploads\/2024\/10\/tesa-i-ja-i-dz\u030cep-300x218.jpg 300w, https:\/\/larah.hr\/wp-content\/uploads\/2024\/10\/tesa-i-ja-i-dz\u030cep-768x559.jpg 768w, https:\/\/larah.hr\/wp-content\/uploads\/2024\/10\/tesa-i-ja-i-dz\u030cep-1536x1119.jpg 1536w, https:\/\/larah.hr\/wp-content\/uploads\/2024\/10\/tesa-i-ja-i-dz\u030cep.jpg 1763w\" sizes=\"auto, (max-width: 1024px) 100vw, 1024px\" \/><\/figure>\n\n\n\n<figure class=\"wp-block-image size-large wp-duotone-unset-6\"><img loading=\"lazy\" decoding=\"async\" width=\"1024\" height=\"643\" data-id=\"510\" src=\"https:\/\/larah.hr\/wp-content\/uploads\/2024\/10\/t-i-l-kocka-1024x643.jpg\" alt=\"\" class=\"wp-image-510\" srcset=\"https:\/\/larah.hr\/wp-content\/uploads\/2024\/10\/t-i-l-kocka-1024x643.jpg 1024w, https:\/\/larah.hr\/wp-content\/uploads\/2024\/10\/t-i-l-kocka-300x188.jpg 300w, https:\/\/larah.hr\/wp-content\/uploads\/2024\/10\/t-i-l-kocka-768x482.jpg 768w, https:\/\/larah.hr\/wp-content\/uploads\/2024\/10\/t-i-l-kocka-1536x964.jpg 1536w, https:\/\/larah.hr\/wp-content\/uploads\/2024\/10\/t-i-l-kocka.jpg 2046w\" sizes=\"auto, (max-width: 1024px) 100vw, 1024px\" \/><\/figure>\n<\/figure>\n\n\n\n<h4 class=\"wp-block-heading\">Kraj tretmana<\/h4>\n\n\n\n<p>Kada promjena u djetetovom pona\u0161anju i svakodnevnom funkcioniranju postane vidljiva zna\u010di da je dijete ostvarilo ciljeve tretmana. Terapeut \u0107e dogovoriti zavr\u0161etak tretmana s roditeljem i tu informaciju iskomunicirati s djetetom.<\/p>\n\n\n\n<h5 class=\"wp-block-heading\">Trajanje i dinamika dolaska<\/h5>\n\n\n\n<p>Trajanje se u prosjeku procjenjuju na oko 20 dolazaka. Svako dijete je individualno te ovisno o temi i dogovorenim ciljevima rada mo\u017ee biti odstupanja. Preporuka je dolazak jednom tjedno kako bi dijete steklo ritam i dinamiku dolaska te time lak\u0161e gradilo osje\u0107aj sigurnosti. Jedan susret traje 60 minuta.<\/p>\n\n\n\n<div style=\"height:33px\" aria-hidden=\"true\" class=\"wp-block-spacer\"><\/div>\n\n\n\n<hr class=\"wp-block-separator has-alpha-channel-opacity\"\/>\n\n\n\n<div style=\"height:17px\" aria-hidden=\"true\" class=\"wp-block-spacer\"><\/div>\n\n\n\n<div class=\"wp-block-buttons is-content-justification-center is-layout-flex wp-container-core-buttons-is-layout-a89b3969 wp-block-buttons-is-layout-flex\">\n<div class=\"wp-block-button\"><a class=\"wp-block-button__link has-text-align-center wp-element-button\" href=\"https:\/\/larah.hr\/index.php\/dogovrite-termin\/\">Dogovorite termin<\/a><\/div>\n<\/div>\n\n\n\n<p><\/p>\n","protected":false},"excerpt":{"rendered":"<p>Namijenjena je djeci od 3 do 12 godina. Djeca kroz igru lak\u0161e komuniciraju i izra\u017eavaju svoje misli, osje\u0107aje i potrebe. Terapija igrom slu\u017ei kao metoda putem koje djeca mogu lak\u0161e razumjeti doga\u0111aje koje prolaze u vanjskom svijetu. Igraju\u0107i se dijete pokazuje ono \u0161to ne razumije ili ga uznemiruje. Uz podr\u0161ku terapeuta igra mo\u017ee imati iscjeljuju\u0107u [&hellip;]<\/p>\n","protected":false},"author":1,"featured_media":0,"parent":0,"menu_order":0,"comment_status":"closed","ping_status":"closed","template":"","meta":{"footnotes":""},"class_list":["post-489","page","type-page","status-publish","hentry"],"yoast_head":"<!-- This site is optimized with the Yoast SEO plugin v26.2 - https:\/\/yoast.com\/wordpress\/plugins\/seo\/ -->\n<title>Terapija igrom - Larah<\/title>\n<meta name=\"robots\" content=\"index, follow, max-snippet:-1, max-image-preview:large, max-video-preview:-1\" \/>\n<link rel=\"canonical\" href=\"https:\/\/larah.hr\/index.php\/terapija-igrom\/\" \/>\n<meta property=\"og:locale\" content=\"en_US\" \/>\n<meta property=\"og:type\" content=\"article\" \/>\n<meta property=\"og:title\" content=\"Terapija igrom - Larah\" \/>\n<meta property=\"og:description\" content=\"Namijenjena je djeci od 3 do 12 godina. Djeca kroz igru lak\u0161e komuniciraju i izra\u017eavaju svoje misli, osje\u0107aje i potrebe. Terapija igrom slu\u017ei kao metoda putem koje djeca mogu lak\u0161e razumjeti doga\u0111aje koje prolaze u vanjskom svijetu. Igraju\u0107i se dijete pokazuje ono \u0161to ne razumije ili ga uznemiruje. Uz podr\u0161ku terapeuta igra mo\u017ee imati iscjeljuju\u0107u [&hellip;]\" \/>\n<meta property=\"og:url\" content=\"https:\/\/larah.hr\/index.php\/terapija-igrom\/\" \/>\n<meta property=\"og:site_name\" content=\"Larah\" \/>\n<meta property=\"article:publisher\" content=\"https:\/\/www.facebook.com\/profile.php?id=61555652999610\" \/>\n<meta property=\"article:modified_time\" content=\"2024-11-15T16:49:59+00:00\" \/>\n<meta property=\"og:image\" content=\"https:\/\/larah.hr\/wp-content\/uploads\/2024\/10\/tesa-i-ja-1-scaled.jpg\" \/>\n\t<meta property=\"og:image:width\" content=\"2560\" \/>\n\t<meta property=\"og:image:height\" content=\"1920\" \/>\n\t<meta property=\"og:image:type\" content=\"image\/jpeg\" \/>\n<meta name=\"twitter:card\" content=\"summary_large_image\" \/>\n<meta name=\"twitter:label1\" content=\"Est. reading time\" \/>\n\t<meta name=\"twitter:data1\" content=\"4 minutes\" \/>\n<script type=\"application\/ld+json\" class=\"yoast-schema-graph\">{\"@context\":\"https:\/\/schema.org\",\"@graph\":[{\"@type\":\"WebPage\",\"@id\":\"https:\/\/larah.hr\/index.php\/terapija-igrom\/\",\"url\":\"https:\/\/larah.hr\/index.php\/terapija-igrom\/\",\"name\":\"Terapija igrom - Larah\",\"isPartOf\":{\"@id\":\"https:\/\/larah.hr\/#website\"},\"primaryImageOfPage\":{\"@id\":\"https:\/\/larah.hr\/index.php\/terapija-igrom\/#primaryimage\"},\"image\":{\"@id\":\"https:\/\/larah.hr\/index.php\/terapija-igrom\/#primaryimage\"},\"thumbnailUrl\":\"https:\/\/larah.hr\/wp-content\/uploads\/2024\/10\/tesa-i-ja-1-1024x768.jpg\",\"datePublished\":\"2024-10-29T15:46:08+00:00\",\"dateModified\":\"2024-11-15T16:49:59+00:00\",\"breadcrumb\":{\"@id\":\"https:\/\/larah.hr\/index.php\/terapija-igrom\/#breadcrumb\"},\"inLanguage\":\"en-US\",\"potentialAction\":[{\"@type\":\"ReadAction\",\"target\":[\"https:\/\/larah.hr\/index.php\/terapija-igrom\/\"]}]},{\"@type\":\"ImageObject\",\"inLanguage\":\"en-US\",\"@id\":\"https:\/\/larah.hr\/index.php\/terapija-igrom\/#primaryimage\",\"url\":\"https:\/\/larah.hr\/wp-content\/uploads\/2024\/10\/tesa-i-ja-1-scaled.jpg\",\"contentUrl\":\"https:\/\/larah.hr\/wp-content\/uploads\/2024\/10\/tesa-i-ja-1-scaled.jpg\",\"width\":2560,\"height\":1920},{\"@type\":\"BreadcrumbList\",\"@id\":\"https:\/\/larah.hr\/index.php\/terapija-igrom\/#breadcrumb\",\"itemListElement\":[{\"@type\":\"ListItem\",\"position\":1,\"name\":\"Home\",\"item\":\"https:\/\/larah.hr\/\"},{\"@type\":\"ListItem\",\"position\":2,\"name\":\"Terapija igrom\"}]},{\"@type\":\"WebSite\",\"@id\":\"https:\/\/larah.hr\/#website\",\"url\":\"https:\/\/larah.hr\/\",\"name\":\"Larah\",\"description\":\"Grupna i individualna podr\u0161ka za djecu i odrasle.\",\"publisher\":{\"@id\":\"https:\/\/larah.hr\/#organization\"},\"potentialAction\":[{\"@type\":\"SearchAction\",\"target\":{\"@type\":\"EntryPoint\",\"urlTemplate\":\"https:\/\/larah.hr\/?s={search_term_string}\"},\"query-input\":{\"@type\":\"PropertyValueSpecification\",\"valueRequired\":true,\"valueName\":\"search_term_string\"}}],\"inLanguage\":\"en-US\"},{\"@type\":\"Organization\",\"@id\":\"https:\/\/larah.hr\/#organization\",\"name\":\"Larah\",\"url\":\"https:\/\/larah.hr\/\",\"logo\":{\"@type\":\"ImageObject\",\"inLanguage\":\"en-US\",\"@id\":\"https:\/\/larah.hr\/#\/schema\/logo\/image\/\",\"url\":\"https:\/\/larah.hr\/wp-content\/uploads\/2024\/07\/Screenshot-2024-07-30-at-15.35.21.png\",\"contentUrl\":\"https:\/\/larah.hr\/wp-content\/uploads\/2024\/07\/Screenshot-2024-07-30-at-15.35.21.png\",\"width\":420,\"height\":386,\"caption\":\"Larah\"},\"image\":{\"@id\":\"https:\/\/larah.hr\/#\/schema\/logo\/image\/\"},\"sameAs\":[\"https:\/\/www.facebook.com\/profile.php?id=61555652999610\"]}]}<\/script>\n<!-- \/ Yoast SEO plugin. -->","yoast_head_json":{"title":"Terapija igrom - Larah","robots":{"index":"index","follow":"follow","max-snippet":"max-snippet:-1","max-image-preview":"max-image-preview:large","max-video-preview":"max-video-preview:-1"},"canonical":"https:\/\/larah.hr\/index.php\/terapija-igrom\/","og_locale":"en_US","og_type":"article","og_title":"Terapija igrom - Larah","og_description":"Namijenjena je djeci od 3 do 12 godina. Djeca kroz igru lak\u0161e komuniciraju i izra\u017eavaju svoje misli, osje\u0107aje i potrebe. Terapija igrom slu\u017ei kao metoda putem koje djeca mogu lak\u0161e razumjeti doga\u0111aje koje prolaze u vanjskom svijetu. Igraju\u0107i se dijete pokazuje ono \u0161to ne razumije ili ga uznemiruje. Uz podr\u0161ku terapeuta igra mo\u017ee imati iscjeljuju\u0107u [&hellip;]","og_url":"https:\/\/larah.hr\/index.php\/terapija-igrom\/","og_site_name":"Larah","article_publisher":"https:\/\/www.facebook.com\/profile.php?id=61555652999610","article_modified_time":"2024-11-15T16:49:59+00:00","og_image":[{"width":2560,"height":1920,"url":"https:\/\/larah.hr\/wp-content\/uploads\/2024\/10\/tesa-i-ja-1-scaled.jpg","type":"image\/jpeg"}],"twitter_card":"summary_large_image","twitter_misc":{"Est. reading time":"4 minutes"},"schema":{"@context":"https:\/\/schema.org","@graph":[{"@type":"WebPage","@id":"https:\/\/larah.hr\/index.php\/terapija-igrom\/","url":"https:\/\/larah.hr\/index.php\/terapija-igrom\/","name":"Terapija igrom - Larah","isPartOf":{"@id":"https:\/\/larah.hr\/#website"},"primaryImageOfPage":{"@id":"https:\/\/larah.hr\/index.php\/terapija-igrom\/#primaryimage"},"image":{"@id":"https:\/\/larah.hr\/index.php\/terapija-igrom\/#primaryimage"},"thumbnailUrl":"https:\/\/larah.hr\/wp-content\/uploads\/2024\/10\/tesa-i-ja-1-1024x768.jpg","datePublished":"2024-10-29T15:46:08+00:00","dateModified":"2024-11-15T16:49:59+00:00","breadcrumb":{"@id":"https:\/\/larah.hr\/index.php\/terapija-igrom\/#breadcrumb"},"inLanguage":"en-US","potentialAction":[{"@type":"ReadAction","target":["https:\/\/larah.hr\/index.php\/terapija-igrom\/"]}]},{"@type":"ImageObject","inLanguage":"en-US","@id":"https:\/\/larah.hr\/index.php\/terapija-igrom\/#primaryimage","url":"https:\/\/larah.hr\/wp-content\/uploads\/2024\/10\/tesa-i-ja-1-scaled.jpg","contentUrl":"https:\/\/larah.hr\/wp-content\/uploads\/2024\/10\/tesa-i-ja-1-scaled.jpg","width":2560,"height":1920},{"@type":"BreadcrumbList","@id":"https:\/\/larah.hr\/index.php\/terapija-igrom\/#breadcrumb","itemListElement":[{"@type":"ListItem","position":1,"name":"Home","item":"https:\/\/larah.hr\/"},{"@type":"ListItem","position":2,"name":"Terapija igrom"}]},{"@type":"WebSite","@id":"https:\/\/larah.hr\/#website","url":"https:\/\/larah.hr\/","name":"Larah","description":"Grupna i individualna podr\u0161ka za djecu i odrasle.","publisher":{"@id":"https:\/\/larah.hr\/#organization"},"potentialAction":[{"@type":"SearchAction","target":{"@type":"EntryPoint","urlTemplate":"https:\/\/larah.hr\/?s={search_term_string}"},"query-input":{"@type":"PropertyValueSpecification","valueRequired":true,"valueName":"search_term_string"}}],"inLanguage":"en-US"},{"@type":"Organization","@id":"https:\/\/larah.hr\/#organization","name":"Larah","url":"https:\/\/larah.hr\/","logo":{"@type":"ImageObject","inLanguage":"en-US","@id":"https:\/\/larah.hr\/#\/schema\/logo\/image\/","url":"https:\/\/larah.hr\/wp-content\/uploads\/2024\/07\/Screenshot-2024-07-30-at-15.35.21.png","contentUrl":"https:\/\/larah.hr\/wp-content\/uploads\/2024\/07\/Screenshot-2024-07-30-at-15.35.21.png","width":420,"height":386,"caption":"Larah"},"image":{"@id":"https:\/\/larah.hr\/#\/schema\/logo\/image\/"},"sameAs":["https:\/\/www.facebook.com\/profile.php?id=61555652999610"]}]}},"_links":{"self":[{"href":"https:\/\/larah.hr\/index.php\/wp-json\/wp\/v2\/pages\/489","targetHints":{"allow":["GET"]}}],"collection":[{"href":"https:\/\/larah.hr\/index.php\/wp-json\/wp\/v2\/pages"}],"about":[{"href":"https:\/\/larah.hr\/index.php\/wp-json\/wp\/v2\/types\/page"}],"author":[{"embeddable":true,"href":"https:\/\/larah.hr\/index.php\/wp-json\/wp\/v2\/users\/1"}],"replies":[{"embeddable":true,"href":"https:\/\/larah.hr\/index.php\/wp-json\/wp\/v2\/comments?post=489"}],"version-history":[{"count":22,"href":"https:\/\/larah.hr\/index.php\/wp-json\/wp\/v2\/pages\/489\/revisions"}],"predecessor-version":[{"id":756,"href":"https:\/\/larah.hr\/index.php\/wp-json\/wp\/v2\/pages\/489\/revisions\/756"}],"wp:attachment":[{"href":"https:\/\/larah.hr\/index.php\/wp-json\/wp\/v2\/media?parent=489"}],"curies":[{"name":"wp","href":"https:\/\/api.w.org\/{rel}","templated":true}]}}