{"id":542,"date":"2024-11-03T17:10:05","date_gmt":"2024-11-03T17:10:05","guid":{"rendered":"https:\/\/larah.hr\/?page_id=542"},"modified":"2025-02-18T19:11:08","modified_gmt":"2025-02-18T19:11:08","slug":"terapija-za-adolescente","status":"publish","type":"page","link":"https:\/\/larah.hr\/index.php\/terapija-za-adolescente\/","title":{"rendered":"Terapija za adolescente"},"content":{"rendered":"\n<p>Terapija igrom mo\u017ee se prilagoditi i za adolescente i odrasle osobe.<\/p>\n\n\n\n<p>Koriste\u0107i igru kao nadopunu razgovoru mo\u017eemo se lak\u0161e povezati i izraziti odre\u0111ene teme koje su nam izazovne.<\/p>\n\n\n\n<p>Cilj susreta je da mlada osoba do\u017eivi sebe kao osobu s vlastitim mogu\u0107nostima, da uz ne\u010diju podr\u0161ku pro\u0111e kroz svoje osje\u0107aje, nau\u010di rje\u0161avati probleme, stekne potrebne vje\u0161tine za lak\u0161e no\u0161enje s neugodnim emocijama, osna\u017ei sebe, a time i svoje odnose, te se upozna i nau\u010di samo-regulirati pona\u0161anje.<\/p>\n\n\n\n<p>Mo\u017ee pomo\u0107i djetetu s izazovima koji se javljaju u ovom \u017eivotnom razdoblju: problema s autoritetima, odnosi s roditeljima, te\u0161ko\u0107e s u\u010denjem, ljubavni i prijateljski odnosi, osje\u0107aj manje vrijednosti, ljutnja, sram, osje\u0107aj krivice&#8230;&nbsp;<\/p>\n\n\n\n<p>U radu s adolescentima kombiniram tehnike iz terapije igre i tjelesno orijentirane terapije. To zna\u010di da u radu koristimo asocijativne karte, igra\u010dke, kocke, dekice, jastuke i vlastito tijelo pa kroz pokret, asocijacije i igru izra\u017eavamo emocije, osvje\u0161tavamo osje\u0107aje i razgovaramo. <\/p>\n\n\n\n<figure class=\"wp-block-image size-large wp-duotone-unset-1\"><img loading=\"lazy\" decoding=\"async\" width=\"1024\" height=\"602\" src=\"https:\/\/larah.hr\/wp-content\/uploads\/2024\/10\/monika-ruke-karte-1024x602.jpg\" alt=\"\" class=\"wp-image-520\" srcset=\"https:\/\/larah.hr\/wp-content\/uploads\/2024\/10\/monika-ruke-karte-1024x602.jpg 1024w, https:\/\/larah.hr\/wp-content\/uploads\/2024\/10\/monika-ruke-karte-300x177.jpg 300w, https:\/\/larah.hr\/wp-content\/uploads\/2024\/10\/monika-ruke-karte-768x452.jpg 768w, https:\/\/larah.hr\/wp-content\/uploads\/2024\/10\/monika-ruke-karte-1536x904.jpg 1536w, https:\/\/larah.hr\/wp-content\/uploads\/2024\/10\/monika-ruke-karte-2048x1205.jpg 2048w\" sizes=\"auto, (max-width: 1024px) 100vw, 1024px\" \/><\/figure>\n\n\n\n<hr class=\"wp-block-separator has-alpha-channel-opacity\"\/>\n\n\n\n<div class=\"wp-block-buttons is-content-justification-center is-layout-flex wp-container-core-buttons-is-layout-a89b3969 wp-block-buttons-is-layout-flex\">\n<div class=\"wp-block-button\"><a class=\"wp-block-button__link has-text-align-center wp-element-button\" href=\"https:\/\/larah.hr\/index.php\/dogovrite-termin\/\">Dogovorite termin<\/a><\/div>\n<\/div>\n","protected":false},"excerpt":{"rendered":"<p>Terapija igrom mo\u017ee se prilagoditi i za adolescente i odrasle osobe. Koriste\u0107i igru kao nadopunu razgovoru mo\u017eemo se lak\u0161e povezati i izraziti odre\u0111ene teme koje su nam izazovne. Cilj susreta je da mlada osoba do\u017eivi sebe kao osobu s vlastitim mogu\u0107nostima, da uz ne\u010diju podr\u0161ku pro\u0111e kroz svoje osje\u0107aje, nau\u010di rje\u0161avati probleme, stekne potrebne vje\u0161tine [&hellip;]<\/p>\n","protected":false},"author":1,"featured_media":0,"parent":0,"menu_order":0,"comment_status":"closed","ping_status":"closed","template":"","meta":{"footnotes":""},"class_list":["post-542","page","type-page","status-publish","hentry"],"yoast_head":"<!-- This site is optimized with the Yoast SEO plugin v26.2 - https:\/\/yoast.com\/wordpress\/plugins\/seo\/ -->\n<title>Terapija za adolescente - Larah<\/title>\n<meta name=\"robots\" content=\"index, follow, max-snippet:-1, max-image-preview:large, max-video-preview:-1\" \/>\n<link rel=\"canonical\" href=\"https:\/\/larah.hr\/index.php\/terapija-za-adolescente\/\" \/>\n<meta property=\"og:locale\" content=\"en_US\" \/>\n<meta property=\"og:type\" content=\"article\" \/>\n<meta property=\"og:title\" content=\"Terapija za adolescente - Larah\" \/>\n<meta property=\"og:description\" content=\"Terapija igrom mo\u017ee se prilagoditi i za adolescente i odrasle osobe. Koriste\u0107i igru kao nadopunu razgovoru mo\u017eemo se lak\u0161e povezati i izraziti odre\u0111ene teme koje su nam izazovne. Cilj susreta je da mlada osoba do\u017eivi sebe kao osobu s vlastitim mogu\u0107nostima, da uz ne\u010diju podr\u0161ku pro\u0111e kroz svoje osje\u0107aje, nau\u010di rje\u0161avati probleme, stekne potrebne vje\u0161tine [&hellip;]\" \/>\n<meta property=\"og:url\" content=\"https:\/\/larah.hr\/index.php\/terapija-za-adolescente\/\" \/>\n<meta property=\"og:site_name\" content=\"Larah\" \/>\n<meta property=\"article:publisher\" content=\"https:\/\/www.facebook.com\/profile.php?id=61555652999610\" \/>\n<meta property=\"article:modified_time\" content=\"2025-02-18T19:11:08+00:00\" \/>\n<meta property=\"og:image\" content=\"https:\/\/larah.hr\/wp-content\/uploads\/2024\/10\/monika-ruke-karte.jpg\" \/>\n\t<meta property=\"og:image:width\" content=\"2167\" \/>\n\t<meta property=\"og:image:height\" content=\"1275\" \/>\n\t<meta property=\"og:image:type\" content=\"image\/jpeg\" \/>\n<meta name=\"twitter:card\" content=\"summary_large_image\" \/>\n<meta name=\"twitter:label1\" content=\"Est. reading time\" \/>\n\t<meta name=\"twitter:data1\" content=\"1 minute\" \/>\n<script type=\"application\/ld+json\" class=\"yoast-schema-graph\">{\"@context\":\"https:\/\/schema.org\",\"@graph\":[{\"@type\":\"WebPage\",\"@id\":\"https:\/\/larah.hr\/index.php\/terapija-za-adolescente\/\",\"url\":\"https:\/\/larah.hr\/index.php\/terapija-za-adolescente\/\",\"name\":\"Terapija za adolescente - Larah\",\"isPartOf\":{\"@id\":\"https:\/\/larah.hr\/#website\"},\"primaryImageOfPage\":{\"@id\":\"https:\/\/larah.hr\/index.php\/terapija-za-adolescente\/#primaryimage\"},\"image\":{\"@id\":\"https:\/\/larah.hr\/index.php\/terapija-za-adolescente\/#primaryimage\"},\"thumbnailUrl\":\"https:\/\/larah.hr\/wp-content\/uploads\/2024\/10\/monika-ruke-karte-1024x602.jpg\",\"datePublished\":\"2024-11-03T17:10:05+00:00\",\"dateModified\":\"2025-02-18T19:11:08+00:00\",\"breadcrumb\":{\"@id\":\"https:\/\/larah.hr\/index.php\/terapija-za-adolescente\/#breadcrumb\"},\"inLanguage\":\"en-US\",\"potentialAction\":[{\"@type\":\"ReadAction\",\"target\":[\"https:\/\/larah.hr\/index.php\/terapija-za-adolescente\/\"]}]},{\"@type\":\"ImageObject\",\"inLanguage\":\"en-US\",\"@id\":\"https:\/\/larah.hr\/index.php\/terapija-za-adolescente\/#primaryimage\",\"url\":\"https:\/\/larah.hr\/wp-content\/uploads\/2024\/10\/monika-ruke-karte.jpg\",\"contentUrl\":\"https:\/\/larah.hr\/wp-content\/uploads\/2024\/10\/monika-ruke-karte.jpg\",\"width\":2167,\"height\":1275,\"caption\":\"Screenshot\"},{\"@type\":\"BreadcrumbList\",\"@id\":\"https:\/\/larah.hr\/index.php\/terapija-za-adolescente\/#breadcrumb\",\"itemListElement\":[{\"@type\":\"ListItem\",\"position\":1,\"name\":\"Home\",\"item\":\"https:\/\/larah.hr\/\"},{\"@type\":\"ListItem\",\"position\":2,\"name\":\"Terapija za adolescente\"}]},{\"@type\":\"WebSite\",\"@id\":\"https:\/\/larah.hr\/#website\",\"url\":\"https:\/\/larah.hr\/\",\"name\":\"Larah\",\"description\":\"Grupna i individualna podr\u0161ka za djecu i odrasle.\",\"publisher\":{\"@id\":\"https:\/\/larah.hr\/#organization\"},\"potentialAction\":[{\"@type\":\"SearchAction\",\"target\":{\"@type\":\"EntryPoint\",\"urlTemplate\":\"https:\/\/larah.hr\/?s={search_term_string}\"},\"query-input\":{\"@type\":\"PropertyValueSpecification\",\"valueRequired\":true,\"valueName\":\"search_term_string\"}}],\"inLanguage\":\"en-US\"},{\"@type\":\"Organization\",\"@id\":\"https:\/\/larah.hr\/#organization\",\"name\":\"Larah\",\"url\":\"https:\/\/larah.hr\/\",\"logo\":{\"@type\":\"ImageObject\",\"inLanguage\":\"en-US\",\"@id\":\"https:\/\/larah.hr\/#\/schema\/logo\/image\/\",\"url\":\"https:\/\/larah.hr\/wp-content\/uploads\/2024\/07\/Screenshot-2024-07-30-at-15.35.21.png\",\"contentUrl\":\"https:\/\/larah.hr\/wp-content\/uploads\/2024\/07\/Screenshot-2024-07-30-at-15.35.21.png\",\"width\":420,\"height\":386,\"caption\":\"Larah\"},\"image\":{\"@id\":\"https:\/\/larah.hr\/#\/schema\/logo\/image\/\"},\"sameAs\":[\"https:\/\/www.facebook.com\/profile.php?id=61555652999610\"]}]}<\/script>\n<!-- \/ Yoast SEO plugin. -->","yoast_head_json":{"title":"Terapija za adolescente - Larah","robots":{"index":"index","follow":"follow","max-snippet":"max-snippet:-1","max-image-preview":"max-image-preview:large","max-video-preview":"max-video-preview:-1"},"canonical":"https:\/\/larah.hr\/index.php\/terapija-za-adolescente\/","og_locale":"en_US","og_type":"article","og_title":"Terapija za adolescente - Larah","og_description":"Terapija igrom mo\u017ee se prilagoditi i za adolescente i odrasle osobe. Koriste\u0107i igru kao nadopunu razgovoru mo\u017eemo se lak\u0161e povezati i izraziti odre\u0111ene teme koje su nam izazovne. Cilj susreta je da mlada osoba do\u017eivi sebe kao osobu s vlastitim mogu\u0107nostima, da uz ne\u010diju podr\u0161ku pro\u0111e kroz svoje osje\u0107aje, nau\u010di rje\u0161avati probleme, stekne potrebne vje\u0161tine [&hellip;]","og_url":"https:\/\/larah.hr\/index.php\/terapija-za-adolescente\/","og_site_name":"Larah","article_publisher":"https:\/\/www.facebook.com\/profile.php?id=61555652999610","article_modified_time":"2025-02-18T19:11:08+00:00","og_image":[{"width":2167,"height":1275,"url":"https:\/\/larah.hr\/wp-content\/uploads\/2024\/10\/monika-ruke-karte.jpg","type":"image\/jpeg"}],"twitter_card":"summary_large_image","twitter_misc":{"Est. reading time":"1 minute"},"schema":{"@context":"https:\/\/schema.org","@graph":[{"@type":"WebPage","@id":"https:\/\/larah.hr\/index.php\/terapija-za-adolescente\/","url":"https:\/\/larah.hr\/index.php\/terapija-za-adolescente\/","name":"Terapija za adolescente - Larah","isPartOf":{"@id":"https:\/\/larah.hr\/#website"},"primaryImageOfPage":{"@id":"https:\/\/larah.hr\/index.php\/terapija-za-adolescente\/#primaryimage"},"image":{"@id":"https:\/\/larah.hr\/index.php\/terapija-za-adolescente\/#primaryimage"},"thumbnailUrl":"https:\/\/larah.hr\/wp-content\/uploads\/2024\/10\/monika-ruke-karte-1024x602.jpg","datePublished":"2024-11-03T17:10:05+00:00","dateModified":"2025-02-18T19:11:08+00:00","breadcrumb":{"@id":"https:\/\/larah.hr\/index.php\/terapija-za-adolescente\/#breadcrumb"},"inLanguage":"en-US","potentialAction":[{"@type":"ReadAction","target":["https:\/\/larah.hr\/index.php\/terapija-za-adolescente\/"]}]},{"@type":"ImageObject","inLanguage":"en-US","@id":"https:\/\/larah.hr\/index.php\/terapija-za-adolescente\/#primaryimage","url":"https:\/\/larah.hr\/wp-content\/uploads\/2024\/10\/monika-ruke-karte.jpg","contentUrl":"https:\/\/larah.hr\/wp-content\/uploads\/2024\/10\/monika-ruke-karte.jpg","width":2167,"height":1275,"caption":"Screenshot"},{"@type":"BreadcrumbList","@id":"https:\/\/larah.hr\/index.php\/terapija-za-adolescente\/#breadcrumb","itemListElement":[{"@type":"ListItem","position":1,"name":"Home","item":"https:\/\/larah.hr\/"},{"@type":"ListItem","position":2,"name":"Terapija za adolescente"}]},{"@type":"WebSite","@id":"https:\/\/larah.hr\/#website","url":"https:\/\/larah.hr\/","name":"Larah","description":"Grupna i individualna podr\u0161ka za djecu i odrasle.","publisher":{"@id":"https:\/\/larah.hr\/#organization"},"potentialAction":[{"@type":"SearchAction","target":{"@type":"EntryPoint","urlTemplate":"https:\/\/larah.hr\/?s={search_term_string}"},"query-input":{"@type":"PropertyValueSpecification","valueRequired":true,"valueName":"search_term_string"}}],"inLanguage":"en-US"},{"@type":"Organization","@id":"https:\/\/larah.hr\/#organization","name":"Larah","url":"https:\/\/larah.hr\/","logo":{"@type":"ImageObject","inLanguage":"en-US","@id":"https:\/\/larah.hr\/#\/schema\/logo\/image\/","url":"https:\/\/larah.hr\/wp-content\/uploads\/2024\/07\/Screenshot-2024-07-30-at-15.35.21.png","contentUrl":"https:\/\/larah.hr\/wp-content\/uploads\/2024\/07\/Screenshot-2024-07-30-at-15.35.21.png","width":420,"height":386,"caption":"Larah"},"image":{"@id":"https:\/\/larah.hr\/#\/schema\/logo\/image\/"},"sameAs":["https:\/\/www.facebook.com\/profile.php?id=61555652999610"]}]}},"_links":{"self":[{"href":"https:\/\/larah.hr\/index.php\/wp-json\/wp\/v2\/pages\/542","targetHints":{"allow":["GET"]}}],"collection":[{"href":"https:\/\/larah.hr\/index.php\/wp-json\/wp\/v2\/pages"}],"about":[{"href":"https:\/\/larah.hr\/index.php\/wp-json\/wp\/v2\/types\/page"}],"author":[{"embeddable":true,"href":"https:\/\/larah.hr\/index.php\/wp-json\/wp\/v2\/users\/1"}],"replies":[{"embeddable":true,"href":"https:\/\/larah.hr\/index.php\/wp-json\/wp\/v2\/comments?post=542"}],"version-history":[{"count":10,"href":"https:\/\/larah.hr\/index.php\/wp-json\/wp\/v2\/pages\/542\/revisions"}],"predecessor-version":[{"id":916,"href":"https:\/\/larah.hr\/index.php\/wp-json\/wp\/v2\/pages\/542\/revisions\/916"}],"wp:attachment":[{"href":"https:\/\/larah.hr\/index.php\/wp-json\/wp\/v2\/media?parent=542"}],"curies":[{"name":"wp","href":"https:\/\/api.w.org\/{rel}","templated":true}]}}